{"id":19727,"date":"2022-07-11T02:29:52","date_gmt":"2022-07-11T00:29:52","guid":{"rendered":"https:\/\/cassandraprogram.info\/felkeszules\/"},"modified":"2026-02-02T01:50:14","modified_gmt":"2026-02-02T00:50:14","slug":"preparedness","status":"publish","type":"page","link":"https:\/\/cassandraprogram.info\/en\/preparedness\/","title":{"rendered":"Preparedness"},"content":{"rendered":"\t\t<div data-elementor-type=\"wp-page\" data-elementor-id=\"19727\" class=\"elementor elementor-19727 elementor-1530\" data-elementor-post-type=\"page\">\n\t\t\t\t\t\t<section class=\"elementor-section elementor-top-section elementor-element elementor-element-bcceb67 elementor-section-full_width elementor-section-height-min-height elementor-section-content-middle sub-header elementor-section-height-default elementor-section-items-middle\" data-id=\"bcceb67\" data-element_type=\"section\" data-e-type=\"section\" data-settings=\"{&quot;background_background&quot;:&quot;classic&quot;}\">\n\t\t\t\t\t\t\t<div class=\"elementor-background-overlay\"><\/div>\n\t\t\t\t\t\t\t<div class=\"elementor-container elementor-column-gap-default\">\n\t\t\t\t\t<div class=\"elementor-column elementor-col-50 elementor-top-column elementor-element elementor-element-5e168ad\" data-id=\"5e168ad\" data-element_type=\"column\" data-e-type=\"column\">\n\t\t\t<div class=\"elementor-widget-wrap elementor-element-populated\">\n\t\t\t\t\t\t\t<\/div>\n\t\t<\/div>\n\t\t\t\t<div class=\"elementor-column elementor-col-50 elementor-top-column elementor-element elementor-element-ef32ecd elementor-hidden-mobile\" data-id=\"ef32ecd\" data-element_type=\"column\" data-e-type=\"column\">\n\t\t\t<div class=\"elementor-widget-wrap elementor-element-populated\">\n\t\t\t\t\t\t<div class=\"elementor-element elementor-element-eff8941 elementor-widget elementor-widget-spacer\" data-id=\"eff8941\" data-element_type=\"widget\" data-e-type=\"widget\" data-widget_type=\"spacer.default\">\n\t\t\t\t<div class=\"elementor-widget-container\">\n\t\t\t\t\t\t\t<div class=\"elementor-spacer\">\n\t\t\t<div class=\"elementor-spacer-inner\"><\/div>\n\t\t<\/div>\n\t\t\t\t\t\t<\/div>\n\t\t\t\t<\/div>\n\t\t\t\t\t<\/div>\n\t\t<\/div>\n\t\t\t\t\t<\/div>\n\t\t<\/section>\n\t\t\t\t<section class=\"elementor-section elementor-top-section elementor-element elementor-element-38e6372 elementor-section-height-min-height fit-section elementor-section-boxed elementor-section-height-default elementor-section-items-middle\" data-id=\"38e6372\" data-element_type=\"section\" data-e-type=\"section\">\n\t\t\t\t\t\t<div class=\"elementor-container elementor-column-gap-no\">\n\t\t\t\t\t<div class=\"elementor-column elementor-col-100 elementor-top-column elementor-element elementor-element-54acd6c\" data-id=\"54acd6c\" data-element_type=\"column\" data-e-type=\"column\">\n\t\t\t<div class=\"elementor-widget-wrap elementor-element-populated\">\n\t\t\t\t\t\t<div class=\"elementor-element elementor-element-8a3a9e3 elementor-widget__width-auto category-trigger-3 e-transform elementor-widget elementor-widget-heading\" data-id=\"8a3a9e3\" data-element_type=\"widget\" data-e-type=\"widget\" data-settings=\"{&quot;_transform_rotateZ_effect&quot;:{&quot;unit&quot;:&quot;px&quot;,&quot;size&quot;:-90,&quot;sizes&quot;:[]},&quot;_transform_rotateZ_effect_tablet&quot;:{&quot;unit&quot;:&quot;deg&quot;,&quot;size&quot;:&quot;&quot;,&quot;sizes&quot;:[]},&quot;_transform_rotateZ_effect_mobile&quot;:{&quot;unit&quot;:&quot;deg&quot;,&quot;size&quot;:&quot;&quot;,&quot;sizes&quot;:[]}}\" data-widget_type=\"heading.default\">\n\t\t\t\t<div class=\"elementor-widget-container\">\n\t\t\t\t\t<h4 class=\"elementor-heading-title elementor-size-small\">Categories<\/h4>\t\t\t\t<\/div>\n\t\t\t\t<\/div>\n\t\t\t\t\t<\/div>\n\t\t<\/div>\n\t\t\t\t\t<\/div>\n\t\t<\/section>\n\t\t\t\t<section class=\"elementor-section elementor-top-section elementor-element elementor-element-6d36cb5 elementor-section-boxed elementor-section-height-default elementor-section-height-default\" data-id=\"6d36cb5\" data-element_type=\"section\" data-e-type=\"section\" data-settings=\"{&quot;background_background&quot;:&quot;classic&quot;}\">\n\t\t\t\t\t\t\t<div class=\"elementor-background-overlay\"><\/div>\n\t\t\t\t\t\t\t<div class=\"elementor-container elementor-column-gap-default\">\n\t\t\t\t\t<div class=\"elementor-column elementor-col-100 elementor-top-column elementor-element elementor-element-8442d29\" data-id=\"8442d29\" data-element_type=\"column\" data-e-type=\"column\">\n\t\t\t<div class=\"elementor-widget-wrap elementor-element-populated\">\n\t\t\t\t\t\t<section class=\"elementor-section elementor-inner-section elementor-element elementor-element-2b1f80d own-breadcrumb elementor-section-boxed elementor-section-height-default elementor-section-height-default\" data-id=\"2b1f80d\" data-element_type=\"section\" data-e-type=\"section\">\n\t\t\t\t\t\t<div class=\"elementor-container elementor-column-gap-default\">\n\t\t\t\t\t<div class=\"elementor-column elementor-col-33 elementor-inner-column elementor-element elementor-element-d7f08e9 obc-column\" data-id=\"d7f08e9\" data-element_type=\"column\" data-e-type=\"column\">\n\t\t\t<div class=\"elementor-widget-wrap elementor-element-populated\">\n\t\t\t\t\t\t<div class=\"elementor-element elementor-element-0ea871e elementor-widget elementor-widget-text-editor\" data-id=\"0ea871e\" data-element_type=\"widget\" data-e-type=\"widget\" data-widget_type=\"text-editor.default\">\n\t\t\t\t<div class=\"elementor-widget-container\">\n\t\t\t\t\t\t\t\t\t<p><a href=\"https:\/\/cassandraprogram.info\/\">\ud83c\udfe0<\/a><\/p>\t\t\t\t\t\t\t\t<\/div>\n\t\t\t\t<\/div>\n\t\t\t\t\t<\/div>\n\t\t<\/div>\n\t\t\t\t<div class=\"elementor-column elementor-col-33 elementor-inner-column elementor-element elementor-element-e87d244 obc-column\" data-id=\"e87d244\" data-element_type=\"column\" data-e-type=\"column\">\n\t\t\t<div class=\"elementor-widget-wrap elementor-element-populated\">\n\t\t\t\t\t\t<div class=\"elementor-element elementor-element-c97cc8c elementor-widget elementor-widget-text-editor\" data-id=\"c97cc8c\" data-element_type=\"widget\" data-e-type=\"widget\" data-widget_type=\"text-editor.default\">\n\t\t\t\t<div class=\"elementor-widget-container\">\n\t\t\t\t\t\t\t\t\t<span class=\"green-arrow\">\u25ba<\/span>\t\t\t\t\t\t\t\t<\/div>\n\t\t\t\t<\/div>\n\t\t\t\t\t<\/div>\n\t\t<\/div>\n\t\t\t\t<div class=\"elementor-column elementor-col-33 elementor-inner-column elementor-element elementor-element-9849e6e obc-column\" data-id=\"9849e6e\" data-element_type=\"column\" data-e-type=\"column\">\n\t\t\t<div class=\"elementor-widget-wrap elementor-element-populated\">\n\t\t\t\t\t\t<div class=\"elementor-element elementor-element-2727b7f elementor-widget elementor-widget-text-editor\" data-id=\"2727b7f\" data-element_type=\"widget\" data-e-type=\"widget\" data-widget_type=\"text-editor.default\">\n\t\t\t\t<div class=\"elementor-widget-container\">\n\t\t\t\t\t\t\t\t\t<p>Prepare!<span class=\"black-arrow\">\/<\/span>Preparedness<\/p>\t\t\t\t\t\t\t\t<\/div>\n\t\t\t\t<\/div>\n\t\t\t\t\t<\/div>\n\t\t<\/div>\n\t\t\t\t\t<\/div>\n\t\t<\/section>\n\t\t\t\t<section class=\"elementor-section elementor-inner-section elementor-element elementor-element-65831fb elementor-section-boxed elementor-section-height-default elementor-section-height-default\" data-id=\"65831fb\" data-element_type=\"section\" data-e-type=\"section\">\n\t\t\t\t\t\t<div class=\"elementor-container elementor-column-gap-default\">\n\t\t\t\t\t<div class=\"elementor-column elementor-col-50 elementor-inner-column elementor-element elementor-element-0f77b51\" data-id=\"0f77b51\" data-element_type=\"column\" data-e-type=\"column\">\n\t\t\t<div class=\"elementor-widget-wrap elementor-element-populated\">\n\t\t\t\t\t\t<div class=\"elementor-element elementor-element-05affa7 elementor-widget elementor-widget-text-editor\" data-id=\"05affa7\" data-element_type=\"widget\" data-e-type=\"widget\" data-widget_type=\"text-editor.default\">\n\t\t\t\t<div class=\"elementor-widget-container\">\n\t\t\t\t\t\t\t\t\t<p>The process of preparation takes nothing away from us; rather, it enables us to preserve more of what we already have. <strong>The ability to adapt cannot be acquired without learning<\/strong>, yet in order to maintain a liveable life <strong>we will need to adapt to new conditions<\/strong> to the best of our knowledge and intentions. The range of knowledge to be acquired is virtually limitless.<\/p><p>The purpose of this space is to <strong>share ideas and information with a developing community<\/strong> that <strong>support both external and internal adaptation<\/strong> to the potential collapse of our societies, and perhaps make that process a little easier. From the list of categories and subcategories, choose a topic that interests you, or enter a keyword in the search bar at the top of the page.<\/p><p>If you find a post interesting and useful, please share it with people who matter to you.<\/p>\t\t\t\t\t\t\t\t<\/div>\n\t\t\t\t<\/div>\n\t\t\t\t\t<\/div>\n\t\t<\/div>\n\t\t\t\t<div class=\"elementor-column elementor-col-50 elementor-inner-column elementor-element elementor-element-851493f\" data-id=\"851493f\" data-element_type=\"column\" data-e-type=\"column\" data-settings=\"{&quot;background_background&quot;:&quot;classic&quot;}\">\n\t\t\t<div class=\"elementor-widget-wrap elementor-element-populated\">\n\t\t\t\t\t\t<div class=\"elementor-element elementor-element-3ffcda0 elementor-widget elementor-widget-spacer\" data-id=\"3ffcda0\" data-element_type=\"widget\" data-e-type=\"widget\" data-widget_type=\"spacer.default\">\n\t\t\t\t<div class=\"elementor-widget-container\">\n\t\t\t\t\t\t\t<div class=\"elementor-spacer\">\n\t\t\t<div class=\"elementor-spacer-inner\"><\/div>\n\t\t<\/div>\n\t\t\t\t\t\t<\/div>\n\t\t\t\t<\/div>\n\t\t\t\t\t<\/div>\n\t\t<\/div>\n\t\t\t\t\t<\/div>\n\t\t<\/section>\n\t\t\t\t\t<\/div>\n\t\t<\/div>\n\t\t\t\t\t<\/div>\n\t\t<\/section>\n\t\t\t\t<section class=\"elementor-section elementor-top-section elementor-element elementor-element-fd915d3 elementor-section-boxed elementor-section-height-default elementor-section-height-default\" data-id=\"fd915d3\" data-element_type=\"section\" data-e-type=\"section\" data-settings=\"{&quot;background_background&quot;:&quot;classic&quot;}\">\n\t\t\t\t\t\t\t<div class=\"elementor-background-overlay\"><\/div>\n\t\t\t\t\t\t\t<div class=\"elementor-container elementor-column-gap-default\">\n\t\t\t\t\t<div class=\"elementor-column elementor-col-100 elementor-top-column elementor-element elementor-element-c5b3fbc\" data-id=\"c5b3fbc\" data-element_type=\"column\" data-e-type=\"column\">\n\t\t\t<div class=\"elementor-widget-wrap elementor-element-populated\">\n\t\t\t\t\t\t<div class=\"elementor-element elementor-element-175768a trigger-section elementor-widget elementor-widget-menu-anchor\" data-id=\"175768a\" data-element_type=\"widget\" data-e-type=\"widget\" data-widget_type=\"menu-anchor.default\">\n\t\t\t\t<div class=\"elementor-widget-container\">\n\t\t\t\t\t\t\t<div class=\"elementor-menu-anchor\" id=\"anchor-19727\"><\/div>\n\t\t\t\t\t\t<\/div>\n\t\t\t\t<\/div>\n\t\t\t\t<div class=\"elementor-element elementor-element-26d5c58 en-posts elementor-widget elementor-widget-elementskit-simple-tab\" data-id=\"26d5c58\" data-element_type=\"widget\" data-e-type=\"widget\" data-widget_type=\"elementskit-simple-tab.default\">\n\t\t\t\t<div class=\"elementor-widget-container\">\n\t\t\t\t\t<div class=\"ekit-wid-con\" >        <div class=\"elementkit-tab-wraper   elementskit-fitcontent-tab \">\n            <ul class=\"nav nav-tabs elementkit-tab-nav \">\n                                    <li class=\"elementkit-nav-item elementor-repeater-item-16deeba\">\n                        <a class=\"elementkit-nav-link  active show top-pos\" id=\"content-16deeba69dcf9127be18-tab\" data-ekit-handler-id=\"en\" data-ekit-toggle=\"tab\" data-target=\"#content-16deeba69dcf9127be18\" href=\"#Content-16deeba69dcf9127be18\"\n                            data-ekit-toggle-trigger=\"click\"\n                            aria-describedby=\"Content-16deeba69dcf9127be18\">\n                                                        <span class=\"elementskit-tab-title\"> en<\/span>\n                        <\/a>\n                    <\/li>\n                                <\/ul>\n\n            <div class=\"tab-content elementkit-tab-content\">\n                                    <div class=\"tab-pane elementkit-tab-pane elementor-repeater-item-16deeba  active show\" id=\"content-16deeba69dcf9127be18\" role=\"tabpanel\"\n                         aria-labelledby=\"content-16deeba69dcf9127be18-tab\">\n                        <div class=\"animated fadeIn\">\n                            <p>\t\t<div data-elementor-type=\"section\" data-elementor-id=\"20227\" class=\"elementor elementor-20227 elementor-6695\" data-elementor-post-type=\"elementor_library\">\n\t\t\t\t\t<section class=\"elementor-section elementor-top-section elementor-element elementor-element-55905093 elementor-section-boxed elementor-section-height-default elementor-section-height-default\" data-id=\"55905093\" data-element_type=\"section\" data-e-type=\"section\">\n\t\t\t\t\t\t<div class=\"elementor-container elementor-column-gap-default\">\n\t\t\t\t\t<div class=\"elementor-column elementor-col-100 elementor-top-column elementor-element elementor-element-ff0ebe4\" data-id=\"ff0ebe4\" data-element_type=\"column\" data-e-type=\"column\">\n\t\t\t<div class=\"elementor-widget-wrap elementor-element-populated\">\n\t\t\t\t\t\t<div class=\"elementor-element elementor-element-5f7b2afb elementor-grid-tablet-3 elementor-grid-3 elementor-grid-mobile-1 elementor-posts--thumbnail-top elementor-card-shadow-yes elementor-posts__hover-gradient elementor-widget elementor-widget-posts\" data-id=\"5f7b2afb\" data-element_type=\"widget\" data-e-type=\"widget\" data-settings=\"{&quot;cards_columns_tablet&quot;:&quot;3&quot;,&quot;cards_columns&quot;:&quot;3&quot;,&quot;cards_columns_mobile&quot;:&quot;1&quot;,&quot;cards_row_gap&quot;:{&quot;unit&quot;:&quot;px&quot;,&quot;size&quot;:35,&quot;sizes&quot;:[]},&quot;cards_row_gap_tablet&quot;:{&quot;unit&quot;:&quot;px&quot;,&quot;size&quot;:&quot;&quot;,&quot;sizes&quot;:[]},&quot;cards_row_gap_mobile&quot;:{&quot;unit&quot;:&quot;px&quot;,&quot;size&quot;:&quot;&quot;,&quot;sizes&quot;:[]}}\" data-widget_type=\"posts.cards\">\n\t\t\t\t<div class=\"elementor-widget-container\">\n\t\t\t\t\t\t\t<div class=\"elementor-posts-container elementor-posts elementor-posts--skin-cards elementor-grid\" role=\"list\">\n\t\t\t\t<article class=\"elementor-post elementor-grid-item post-20111 post type-post status-publish format-standard has-post-thumbnail hentry category-uncategorized tag-agresszio tag-alkalmazkodas tag-allamcsod tag-allamok tag-argentina tag-auto tag-benzin tag-betegseg tag-bunozes tag-csalad tag-edzes tag-egeszsegugy tag-ehezes tag-ehinseg tag-elelmiszer tag-elelmiszerellatas tag-elsosegelynyujtas tag-emberrablas tag-eroszak tag-etel tag-fegyver tag-felkeszules tag-gyerek tag-gyogyszer tag-gyumolcs tag-halal tag-jeep tag-kaosz tag-konzerv tag-onvedelem tag-raktar tag-rendorseg tag-shithitsthefan tag-shtf tag-szolgaltatas tag-szorakozas tag-tarsadalom tag-tartalek tag-test tag-tuleles tag-uzemanyag tag-varos tag-vedelem tag-zoldseg bejegyzestipus-felkeszules felkeszuleskategoria-biztonsag felkeszuleskategoria-egeszseg felkeszuleskategoria-elelem felkeszuleskategoria-konfliktusok felkeszuleskategoria-szuksegletek felkeszuleskategoria-veszhelyzetek felkeszuleskategoria-viz nyelv-magyar-nyelvu\" role=\"listitem\">\n\t\t\t<div class=\"elementor-post__card\">\n\t\t\t\t<a class=\"elementor-post__thumbnail__link\" href=\"https:\/\/cassandraprogram.info\/en\/tulelni-az-argentin-allamcsodot-iii-resz\/\" tabindex=\"-1\"><div class=\"elementor-post__thumbnail\"><img loading=\"lazy\" decoding=\"async\" width=\"300\" height=\"169\" src=\"https:\/\/cassandraprogram.info\/wp-content\/uploads\/2024\/08\/argentina-peso-argentin-351513-300x169.jpg\" class=\"attachment-medium size-medium wp-image-19729\" alt=\"\" srcset=\"https:\/\/cassandraprogram.info\/wp-content\/uploads\/2024\/08\/argentina-peso-argentin-351513-300x169.jpg 300w, https:\/\/cassandraprogram.info\/wp-content\/uploads\/2024\/08\/argentina-peso-argentin-351513-1024x576.jpg 1024w, https:\/\/cassandraprogram.info\/wp-content\/uploads\/2024\/08\/argentina-peso-argentin-351513-768x432.jpg 768w, https:\/\/cassandraprogram.info\/wp-content\/uploads\/2024\/08\/argentina-peso-argentin-351513-1536x864.jpg 1536w, https:\/\/cassandraprogram.info\/wp-content\/uploads\/2024\/08\/argentina-peso-argentin-351513.jpg 1920w\" sizes=\"auto, (max-width: 300px) 100vw, 300px\" \/><\/div><\/a>\n\t\t\t\t<div class=\"elementor-post__text\">\n\t\t\t\t<h3 class=\"elementor-post__title\">\n\t\t\t<a href=\"https:\/\/cassandraprogram.info\/en\/tulelni-az-argentin-allamcsodot-iii-resz\/\">\n\t\t\t\tT\u00fal\u00e9lni az argentin \u00e1llamcs\u0151d\u00f6t &#8211; III. r\u00e9sz\t\t\t<\/a>\n\t\t<\/h3>\n\t\t\t\t<div class=\"elementor-post__excerpt\">\n\t\t\t<p>A sorozat befejez\u0151 darabj\u00e1r\u00f3l esik sz\u00f3 ebben a cikkben, j\u00f3 olvasgat\u00e1st! A lista \u201e\u00c1ll\u00edts \u00f6ssze egy list\u00e1t arr\u00f3l, hogy mit szerezn\u00e9l be, ha \u00fajb\u00f3l csin\u00e1lhatn\u00e1d!\u201d<\/p>\n\t\t<\/div>\n\t\t\t\t\t<div class=\"elementor-post__read-more-wrapper\">\n\t\t\n\t\t<a class=\"elementor-post__read-more\" href=\"https:\/\/cassandraprogram.info\/en\/tulelni-az-argentin-allamcsodot-iii-resz\/\" aria-label=\"Read more about T\u00fal\u00e9lni az argentin \u00e1llamcs\u0151d\u00f6t &#8211; III. r\u00e9sz\" tabindex=\"-1\">\n\t\t\tMore \u00bb\t\t<\/a>\n\n\t\t\t\t\t<\/div>\n\t\t\t\t<\/div>\n\t\t\t\t\t<\/div>\n\t\t<\/article>\n\t\t\t\t<article class=\"elementor-post elementor-grid-item post-20117 post type-post status-publish format-standard has-post-thumbnail hentry category-uncategorized tag-agresszio tag-alapvetoszuksegletek tag-alkalmazkodas tag-alkohol tag-allatok tag-arany tag-bizalom tag-biztonsag tag-cserekereskedelem tag-delszlav tag-egeszsegugy tag-elelem tag-elelmiszer tag-elelmiszerellatas tag-elet tag-elokeszulet tag-elsosegely tag-elsosegelynyujtas tag-ember tag-erme tag-eroszak tag-ertek tag-ezust tag-fa tag-fegyver tag-felelem tag-felkeszules tag-fem tag-futes tag-haboru tag-hadsereg tag-halal tag-higienia tag-katona tag-kereskedelem tag-konfliktus tag-kozlekedes tag-loszer tag-ongyujto tag-otthon tag-papir tag-penz tag-rablas tag-rendorseg tag-sebellatas tag-segely tag-segelyszallitmany tag-serules tag-serult tag-szukseglet tag-targyak tag-tartalek tag-tisztalkodas tag-tortenet tag-tuz tag-valtozas tag-vedelem tag-viz bejegyzestipus-felkeszules felkeszuleskategoria-biztonsag felkeszuleskategoria-egeszseg felkeszuleskategoria-elelem felkeszuleskategoria-konfliktusok felkeszuleskategoria-szuksegletek felkeszuleskategoria-veszhelyzetek felkeszuleskategoria-viz nyelv-magyar-nyelvu\" role=\"listitem\">\n\t\t\t<div class=\"elementor-post__card\">\n\t\t\t\t<a class=\"elementor-post__thumbnail__link\" href=\"https:\/\/cassandraprogram.info\/en\/tulelni-a-delszlav-haborut\/\" tabindex=\"-1\"><div class=\"elementor-post__thumbnail\"><img loading=\"lazy\" decoding=\"async\" width=\"300\" height=\"169\" src=\"https:\/\/cassandraprogram.info\/wp-content\/uploads\/2024\/08\/sarajevo-roses-300x169.jpg\" class=\"attachment-medium size-medium wp-image-20119\" alt=\"\" srcset=\"https:\/\/cassandraprogram.info\/wp-content\/uploads\/2024\/08\/sarajevo-roses-300x169.jpg 300w, https:\/\/cassandraprogram.info\/wp-content\/uploads\/2024\/08\/sarajevo-roses-1024x576.jpg 1024w, https:\/\/cassandraprogram.info\/wp-content\/uploads\/2024\/08\/sarajevo-roses-768x432.jpg 768w, https:\/\/cassandraprogram.info\/wp-content\/uploads\/2024\/08\/sarajevo-roses-1536x864.jpg 1536w, https:\/\/cassandraprogram.info\/wp-content\/uploads\/2024\/08\/sarajevo-roses.jpg 1920w\" sizes=\"auto, (max-width: 300px) 100vw, 300px\" \/><\/div><\/a>\n\t\t\t\t<div class=\"elementor-post__text\">\n\t\t\t\t<h3 class=\"elementor-post__title\">\n\t\t\t<a href=\"https:\/\/cassandraprogram.info\/en\/tulelni-a-delszlav-haborut\/\">\n\t\t\t\tT\u00fal\u00e9lni a d\u00e9lszl\u00e1v h\u00e1bor\u00fat\t\t\t<\/a>\n\t\t<\/h3>\n\t\t\t\t<div class=\"elementor-post__excerpt\">\n\t\t\t<p>Selco egy kisv\u00e1rosi \u00e1tlagember, akinek \u00e9let\u00e9t teljesen felforgatta a d\u00e9lszl\u00e1v h\u00e1bor\u00fa. Tapasztalatait el\u0151sz\u00f6r egy internetes f\u00f3rumon osztotta meg, majd a nagy \u00e9rdekl\u0151d\u00e9s miatt v\u00e9g\u00fcl egy<\/p>\n\t\t<\/div>\n\t\t\t\t\t<div class=\"elementor-post__read-more-wrapper\">\n\t\t\n\t\t<a class=\"elementor-post__read-more\" href=\"https:\/\/cassandraprogram.info\/en\/tulelni-a-delszlav-haborut\/\" aria-label=\"Read more about T\u00fal\u00e9lni a d\u00e9lszl\u00e1v h\u00e1bor\u00fat\" tabindex=\"-1\">\n\t\t\tMore \u00bb\t\t<\/a>\n\n\t\t\t\t\t<\/div>\n\t\t\t\t<\/div>\n\t\t\t\t\t<\/div>\n\t\t<\/article>\n\t\t\t\t<article class=\"elementor-post elementor-grid-item post-20108 post type-post status-publish format-standard has-post-thumbnail hentry category-termeszeti-rendszerek category-eghajlati-valtozasok category-ember category-energiatermeles category-eroforrasok category-fosszilis-tuzeloanyagok category-gazdasag category-idojarasi-szelsosegek category-ipar category-legkor category-mezogazdasag category-tarsadalmi-rendszerek category-tarsadalom category-technologiai-fejlodes category-test category-tulfogyasztas tag-alkalmazkodas tag-allattenyesztes tag-arviz tag-aszaly tag-betakaritas tag-bolygo tag-csokkenes tag-csokkentes tag-dinamika tag-eghajlat tag-ehezes tag-elelem tag-elelmiszer tag-elelmiszerexport tag-eletminoseg tag-eletmod tag-ellenallokepesseg tag-eloszlas tag-ember tag-emelkedes tag-energia tag-energiaegyenleg tag-energiaellatas tag-energiaforras tag-energiahalozat tag-energiahasznalat tag-erdotuz tag-esely tag-felelosseg tag-felismeres tag-fogyasztas tag-fogyaszto tag-folyamat tag-fosszilisenergia tag-gazdasag tag-globalis tag-gyorsulas tag-gyorsulo tag-halozat tag-hiany tag-hirtelen tag-hohullam tag-homerseklet tag-hulladekgazdalkodas tag-hurrikan tag-hus tag-ivoviz tag-kepesseg tag-keszlet tag-kihivas tag-klimacelok tag-klimatudatossag tag-klimavalsag tag-kornyezet tag-kornyezetikatasztrofa tag-kornyezetvedelem tag-kukorica tag-legkor tag-megallapodas tag-mennyiseg tag-nepesseg tag-noveny tag-prognozis tag-readywise tag-szallitas tag-szennyezes tag-szuksegallapot tag-szukseglet tag-tapanyaghiany tag-tarsadalom tag-termeles tag-termeszet tag-termofold tag-tulhasznalat tag-veszhelyzet tag-vesztesegek tag-viz bejegyzestipus-felkeszules felkeszuleskategoria-elelem felkeszuleskategoria-katasztrofak felkeszuleskategoria-szuksegletek felkeszuleskategoria-veszhelyzetek felkeszuleskategoria-viz nyelv-magyar-nyelvu\" role=\"listitem\">\n\t\t\t<div class=\"elementor-post__card\">\n\t\t\t\t<a class=\"elementor-post__thumbnail__link\" href=\"https:\/\/cassandraprogram.info\/en\/csaladunk-es-a-polikrizis\/\" tabindex=\"-1\"><div class=\"elementor-post__thumbnail\"><img loading=\"lazy\" decoding=\"async\" width=\"300\" height=\"169\" src=\"https:\/\/cassandraprogram.info\/wp-content\/uploads\/2024\/11\/szuezicsatorna-300x169.jpg\" class=\"attachment-medium size-medium wp-image-20110\" alt=\"\" srcset=\"https:\/\/cassandraprogram.info\/wp-content\/uploads\/2024\/11\/szuezicsatorna-300x169.jpg 300w, https:\/\/cassandraprogram.info\/wp-content\/uploads\/2024\/11\/szuezicsatorna-1024x576.jpg 1024w, https:\/\/cassandraprogram.info\/wp-content\/uploads\/2024\/11\/szuezicsatorna-768x432.jpg 768w, https:\/\/cassandraprogram.info\/wp-content\/uploads\/2024\/11\/szuezicsatorna-1536x864.jpg 1536w, https:\/\/cassandraprogram.info\/wp-content\/uploads\/2024\/11\/szuezicsatorna.jpg 1920w\" sizes=\"auto, (max-width: 300px) 100vw, 300px\" \/><\/div><\/a>\n\t\t\t\t<div class=\"elementor-post__text\">\n\t\t\t\t<h3 class=\"elementor-post__title\">\n\t\t\t<a href=\"https:\/\/cassandraprogram.info\/en\/csaladunk-es-a-polikrizis\/\">\n\t\t\t\tCsal\u00e1dunk \u00e9s a polikr\u00edzis\t\t\t<\/a>\n\t\t<\/h3>\n\t\t\t\t<div class=\"elementor-post__excerpt\">\n\t\t\t<p>A mai vil\u00e1gban, ahol minden mindennel \u00f6sszef\u00fcgg, kor\u00e1bban nem ismert kock\u00e1zatok fenyegethetik az \u00e9lelmiszer ell\u00e1t\u00e1sunkat. Glob\u00e1lis konfliktusok, term\u00e9szeti katasztr\u00f3f\u00e1k, b\u00e1r most m\u00e9g messze vannak t\u0151l\u00fcnk,<\/p>\n\t\t<\/div>\n\t\t\t\t\t<div class=\"elementor-post__read-more-wrapper\">\n\t\t\n\t\t<a class=\"elementor-post__read-more\" href=\"https:\/\/cassandraprogram.info\/en\/csaladunk-es-a-polikrizis\/\" aria-label=\"Read more about Csal\u00e1dunk \u00e9s a polikr\u00edzis\" tabindex=\"-1\">\n\t\t\tMore \u00bb\t\t<\/a>\n\n\t\t\t\t\t<\/div>\n\t\t\t\t<\/div>\n\t\t\t\t\t<\/div>\n\t\t<\/article>\n\t\t\t\t<\/div>\n\t\t\n\t\t\t\t\t\t<\/div>\n\t\t\t\t<\/div>\n\t\t\t\t<div class=\"elementor-element elementor-element-24976a8e elementor-align-center elementor-widget elementor-widget-button\" data-id=\"24976a8e\" data-element_type=\"widget\" data-e-type=\"widget\" data-widget_type=\"button.default\">\n\t\t\t\t<div class=\"elementor-widget-container\">\n\t\t\t\t\t\t\t\t\t<div class=\"elementor-button-wrapper\">\n\t\t\t\t\t<a class=\"elementor-button elementor-button-link elementor-size-sm\" href=\"https:\/\/cassandraprogram.info\/en\/preparedness-en\/\">\n\t\t\t\t\t\t<span class=\"elementor-button-content-wrapper\">\n\t\t\t\t\t\t<span class=\"elementor-button-icon\">\n\t\t\t\t<i aria-hidden=\"true\" class=\"icon icon-right-arrow\"><\/i>\t\t\t<\/span>\n\t\t\t\t\t\t\t\t\t<span class=\"elementor-button-text\">View all<\/span>\n\t\t\t\t\t<\/span>\n\t\t\t\t\t<\/a>\n\t\t\t\t<\/div>\n\t\t\t\t\t\t\t\t<\/div>\n\t\t\t\t<\/div>\n\t\t\t\t\t<\/div>\n\t\t<\/div>\n\t\t\t\t\t<\/div>\n\t\t<\/section>\n\t\t\t\t<\/div>\n\t\t<\/p>                        <\/div>\n                    <\/div>\n                                \n            <\/div>\n                    <\/div>\n    <\/div>\t\t\t\t<\/div>\n\t\t\t\t<\/div>\n\t\t\t\t\t<\/div>\n\t\t<\/div>\n\t\t\t\t\t<\/div>\n\t\t<\/section>\n\t\t\t\t<\/div>\n\t\t","protected":false},"excerpt":{"rendered":"<p>Categories \ud83c\udfe0 \u25ba Prepare!\/Preparedness The process of preparation takes nothing away from us; rather, it enables us to preserve more of what we already have. The ability to adapt cannot be acquired without learning, yet in order to maintain a liveable life we will need to adapt to new conditions to the best of our [&hellip;]<\/p>\n","protected":false},"author":1,"featured_media":0,"parent":0,"menu_order":0,"comment_status":"closed","ping_status":"closed","template":"","meta":{"footnotes":""},"class_list":["post-19727","page","type-page","status-publish","hentry"],"_links":{"self":[{"href":"https:\/\/cassandraprogram.info\/en\/wp-json\/wp\/v2\/pages\/19727","targetHints":{"allow":["GET"]}}],"collection":[{"href":"https:\/\/cassandraprogram.info\/en\/wp-json\/wp\/v2\/pages"}],"about":[{"href":"https:\/\/cassandraprogram.info\/en\/wp-json\/wp\/v2\/types\/page"}],"author":[{"embeddable":true,"href":"https:\/\/cassandraprogram.info\/en\/wp-json\/wp\/v2\/users\/1"}],"replies":[{"embeddable":true,"href":"https:\/\/cassandraprogram.info\/en\/wp-json\/wp\/v2\/comments?post=19727"}],"version-history":[{"count":11,"href":"https:\/\/cassandraprogram.info\/en\/wp-json\/wp\/v2\/pages\/19727\/revisions"}],"predecessor-version":[{"id":20213,"href":"https:\/\/cassandraprogram.info\/en\/wp-json\/wp\/v2\/pages\/19727\/revisions\/20213"}],"wp:attachment":[{"href":"https:\/\/cassandraprogram.info\/en\/wp-json\/wp\/v2\/media?parent=19727"}],"curies":[{"name":"wp","href":"https:\/\/api.w.org\/{rel}","templated":true}]}}