{"id":19739,"date":"2025-05-31T16:59:54","date_gmt":"2025-05-31T14:59:54","guid":{"rendered":"https:\/\/cassandraprogram.info\/konferenciak\/"},"modified":"2026-01-11T19:26:05","modified_gmt":"2026-01-11T18:26:05","slug":"conferences","status":"publish","type":"page","link":"https:\/\/cassandraprogram.info\/en\/conferences\/","title":{"rendered":"Conferences"},"content":{"rendered":"\t\t<div data-elementor-type=\"wp-page\" data-elementor-id=\"19739\" class=\"elementor elementor-19739 elementor-12986\" data-elementor-post-type=\"page\">\n\t\t\t\t\t\t<section class=\"elementor-section elementor-top-section elementor-element elementor-element-9f196e9 elementor-section-full_width elementor-section-height-min-height elementor-section-content-middle sub-header elementor-section-height-default elementor-section-items-middle\" data-id=\"9f196e9\" data-element_type=\"section\" data-e-type=\"section\" data-settings=\"{&quot;background_background&quot;:&quot;classic&quot;}\">\n\t\t\t\t\t\t\t<div class=\"elementor-background-overlay\"><\/div>\n\t\t\t\t\t\t\t<div class=\"elementor-container elementor-column-gap-default\">\n\t\t\t\t\t<div class=\"elementor-column elementor-col-50 elementor-top-column elementor-element elementor-element-5f78e93\" data-id=\"5f78e93\" data-element_type=\"column\" data-e-type=\"column\">\n\t\t\t<div class=\"elementor-widget-wrap elementor-element-populated\">\n\t\t\t\t\t\t\t<\/div>\n\t\t<\/div>\n\t\t\t\t<div class=\"elementor-column elementor-col-50 elementor-top-column elementor-element elementor-element-f5c7f1b elementor-hidden-mobile elementor-hidden-tablet\" data-id=\"f5c7f1b\" data-element_type=\"column\" data-e-type=\"column\">\n\t\t\t<div class=\"elementor-widget-wrap elementor-element-populated\">\n\t\t\t\t\t\t<div class=\"elementor-element elementor-element-0906c8e elementor-widget elementor-widget-spacer\" data-id=\"0906c8e\" data-element_type=\"widget\" data-e-type=\"widget\" data-widget_type=\"spacer.default\">\n\t\t\t\t<div class=\"elementor-widget-container\">\n\t\t\t\t\t\t\t<div class=\"elementor-spacer\">\n\t\t\t<div class=\"elementor-spacer-inner\"><\/div>\n\t\t<\/div>\n\t\t\t\t\t\t<\/div>\n\t\t\t\t<\/div>\n\t\t\t\t\t<\/div>\n\t\t<\/div>\n\t\t\t\t\t<\/div>\n\t\t<\/section>\n\t\t\t\t<section class=\"elementor-section elementor-top-section elementor-element elementor-element-982b24c konferenciak-section elementor-section-boxed elementor-section-height-default elementor-section-height-default\" data-id=\"982b24c\" data-element_type=\"section\" data-e-type=\"section\" data-settings=\"{&quot;background_background&quot;:&quot;classic&quot;}\">\n\t\t\t\t\t\t\t<div class=\"elementor-background-overlay\"><\/div>\n\t\t\t\t\t\t\t<div class=\"elementor-container elementor-column-gap-default\">\n\t\t\t\t\t<div class=\"elementor-column elementor-col-100 elementor-top-column elementor-element elementor-element-261b159\" data-id=\"261b159\" data-element_type=\"column\" data-e-type=\"column\">\n\t\t\t<div class=\"elementor-widget-wrap elementor-element-populated\">\n\t\t\t\t\t\t<div class=\"elementor-element elementor-element-6778f5a elementor-widget elementor-widget-text-editor\" data-id=\"6778f5a\" data-element_type=\"widget\" data-e-type=\"widget\" data-widget_type=\"text-editor.default\">\n\t\t\t\t<div class=\"elementor-widget-container\">\n\t\t\t\t\t\t\t\t\t<p>Within the framework of the Cassandra Program, <strong>we regularly organise conferences and professional forums<\/strong> where leading Hungarian and international thinkers share their knowledge on the expected <strong>consequences of systemic crises<\/strong> and the possibilities for adapting to them.<\/p><p>The aim of our events is to <strong>foster broad and honest dialogue<\/strong> about the realities of the age of polycrisis, and about the possible paths that can still be chosen at individual, organisational, and societal levels.<\/p><p>We would like to <strong>thank our speakers, supporters, and all participants<\/strong> for contributing to the creation and success of our events.<\/p>\t\t\t\t\t\t\t\t<\/div>\n\t\t\t\t<\/div>\n\t\t\t\t<section class=\"elementor-section elementor-inner-section elementor-element elementor-element-b5876c0 elementor-section-boxed elementor-section-height-default elementor-section-height-default\" data-id=\"b5876c0\" data-element_type=\"section\" data-e-type=\"section\">\n\t\t\t\t\t\t<div class=\"elementor-container elementor-column-gap-default\">\n\t\t\t\t\t<div class=\"elementor-column elementor-col-50 elementor-inner-column elementor-element elementor-element-2615951\" data-id=\"2615951\" data-element_type=\"column\" data-e-type=\"column\">\n\t\t\t<div class=\"elementor-widget-wrap elementor-element-populated\">\n\t\t\t\t\t\t<div class=\"elementor-element elementor-element-0b8ed4f elementor-widget__width-initial elementor-widget elementor-widget-image\" data-id=\"0b8ed4f\" data-element_type=\"widget\" data-e-type=\"widget\" data-widget_type=\"image.default\">\n\t\t\t\t<div class=\"elementor-widget-container\">\n\t\t\t\t\t\t\t\t\t\t\t\t\t\t\t\t<a href=\"https:\/\/worldadaptationforum.org\/\" target=\"_blank\" rel=\"noopener\">\n\t\t\t\t\t\t\t<img loading=\"lazy\" decoding=\"async\" width=\"1200\" height=\"630\" src=\"https:\/\/cassandraprogram.info\/wp-content\/uploads\/2026\/01\/facing-polycrisis-konf-2026.jpg\" class=\"attachment-full size-full wp-image-19741\" alt=\"Facing Polycrisis 2026\" srcset=\"https:\/\/cassandraprogram.info\/wp-content\/uploads\/2026\/01\/facing-polycrisis-konf-2026.jpg 1200w, https:\/\/cassandraprogram.info\/wp-content\/uploads\/2026\/01\/facing-polycrisis-konf-2026-300x158.jpg 300w, https:\/\/cassandraprogram.info\/wp-content\/uploads\/2026\/01\/facing-polycrisis-konf-2026-1024x538.jpg 1024w, https:\/\/cassandraprogram.info\/wp-content\/uploads\/2026\/01\/facing-polycrisis-konf-2026-768x403.jpg 768w\" sizes=\"auto, (max-width: 1200px) 100vw, 1200px\" \/>\t\t\t\t\t\t\t\t<\/a>\n\t\t\t\t\t\t\t\t\t\t\t\t\t\t\t<\/div>\n\t\t\t\t<\/div>\n\t\t\t\t\t<\/div>\n\t\t<\/div>\n\t\t\t\t<div class=\"elementor-column elementor-col-50 elementor-inner-column elementor-element elementor-element-055359b\" data-id=\"055359b\" data-element_type=\"column\" data-e-type=\"column\">\n\t\t\t<div class=\"elementor-widget-wrap elementor-element-populated\">\n\t\t\t\t\t\t<div class=\"elementor-element elementor-element-d78475a elementor-widget elementor-widget-heading\" data-id=\"d78475a\" data-element_type=\"widget\" data-e-type=\"widget\" data-widget_type=\"heading.default\">\n\t\t\t\t<div class=\"elementor-widget-container\">\n\t\t\t\t\t<h3 class=\"elementor-heading-title elementor-size-default\"><a href=\"https:\/\/worldadaptationforum.org\/\" target=\"_blank\" rel=\"noopener\">WORLD ADAPTATION FORUM<\/a><\/h3>\t\t\t\t<\/div>\n\t\t\t\t<\/div>\n\t\t\t\t<div class=\"elementor-element elementor-element-0549bae elementor-widget elementor-widget-heading\" data-id=\"0549bae\" data-element_type=\"widget\" data-e-type=\"widget\" data-widget_type=\"heading.default\">\n\t\t\t\t<div class=\"elementor-widget-container\">\n\t\t\t\t\t<h4 class=\"elementor-heading-title elementor-size-default\"><a href=\"https:\/\/worldadaptationforum.org\/\" target=\"_blank\" rel=\"noopener\">Facing Polycrisis\n<\/a><\/h4>\t\t\t\t<\/div>\n\t\t\t\t<\/div>\n\t\t\t\t<div class=\"elementor-element elementor-element-c048f17 elementor-widget elementor-widget-text-editor\" data-id=\"c048f17\" data-element_type=\"widget\" data-e-type=\"widget\" data-widget_type=\"text-editor.default\">\n\t\t\t\t<div class=\"elementor-widget-container\">\n\t\t\t\t\t\t\t\t\t<p>23-24 April 2026 \/ Budapest,<br \/>MagNet Community House, Pallavicini Palace<\/p>\t\t\t\t\t\t\t\t<\/div>\n\t\t\t\t<\/div>\n\t\t\t\t\t<\/div>\n\t\t<\/div>\n\t\t\t\t\t<\/div>\n\t\t<\/section>\n\t\t\t\t<section class=\"elementor-section elementor-inner-section elementor-element elementor-element-dd0a8a0 elementor-section-boxed elementor-section-height-default elementor-section-height-default\" data-id=\"dd0a8a0\" data-element_type=\"section\" data-e-type=\"section\">\n\t\t\t\t\t\t<div class=\"elementor-container elementor-column-gap-default\">\n\t\t\t\t\t<div class=\"elementor-column elementor-col-50 elementor-inner-column elementor-element elementor-element-8dcc240\" data-id=\"8dcc240\" data-element_type=\"column\" data-e-type=\"column\">\n\t\t\t<div class=\"elementor-widget-wrap elementor-element-populated\">\n\t\t\t\t\t\t<div class=\"elementor-element elementor-element-ae7b38b elementor-widget__width-initial elementor-widget elementor-widget-image\" data-id=\"ae7b38b\" data-element_type=\"widget\" data-e-type=\"widget\" data-widget_type=\"image.default\">\n\t\t\t\t<div class=\"elementor-widget-container\">\n\t\t\t\t\t\t\t\t\t\t\t\t\t\t\t\t<a href=\"https:\/\/worldadaptationforum.org\/archive\/2025\/\" target=\"_blank\" rel=\"noopener\">\n\t\t\t\t\t\t\t<img decoding=\"async\" src=\"https:\/\/worldadaptationforum.org\/wp-content\/uploads\/2025\/02\/beyond-mitigation-waf.jpg\" title=\"\" alt=\"World Adaptation Forum 2025\" loading=\"lazy\" \/>\t\t\t\t\t\t\t\t<\/a>\n\t\t\t\t\t\t\t\t\t\t\t\t\t\t\t<\/div>\n\t\t\t\t<\/div>\n\t\t\t\t\t<\/div>\n\t\t<\/div>\n\t\t\t\t<div class=\"elementor-column elementor-col-50 elementor-inner-column elementor-element elementor-element-1f408e2\" data-id=\"1f408e2\" data-element_type=\"column\" data-e-type=\"column\">\n\t\t\t<div class=\"elementor-widget-wrap elementor-element-populated\">\n\t\t\t\t\t\t<div class=\"elementor-element elementor-element-d0abb3a elementor-widget elementor-widget-heading\" data-id=\"d0abb3a\" data-element_type=\"widget\" data-e-type=\"widget\" data-widget_type=\"heading.default\">\n\t\t\t\t<div class=\"elementor-widget-container\">\n\t\t\t\t\t<h3 class=\"elementor-heading-title elementor-size-default\"><a href=\"https:\/\/worldadaptationforum.org\/\" target=\"_blank\" rel=\"noopener\">WORLD ADAPTATION FORUM<\/a><\/h3>\t\t\t\t<\/div>\n\t\t\t\t<\/div>\n\t\t\t\t<div class=\"elementor-element elementor-element-9899b6c elementor-widget elementor-widget-heading\" data-id=\"9899b6c\" data-element_type=\"widget\" data-e-type=\"widget\" data-widget_type=\"heading.default\">\n\t\t\t\t<div class=\"elementor-widget-container\">\n\t\t\t\t\t<h4 class=\"elementor-heading-title elementor-size-default\"><a href=\"https:\/\/worldadaptationforum.org\/\" target=\"_blank\" rel=\"noopener\">Beyond Mitigation\n<\/a><\/h4>\t\t\t\t<\/div>\n\t\t\t\t<\/div>\n\t\t\t\t<div class=\"elementor-element elementor-element-14883ca elementor-widget elementor-widget-text-editor\" data-id=\"14883ca\" data-element_type=\"widget\" data-e-type=\"widget\" data-widget_type=\"text-editor.default\">\n\t\t\t\t<div class=\"elementor-widget-container\">\n\t\t\t\t\t\t\t\t\t<p>25 April 2025 \/\u00a0Budapest,<br \/>MagNet Community House, Pallavicini Palace<\/p>\t\t\t\t\t\t\t\t<\/div>\n\t\t\t\t<\/div>\n\t\t\t\t\t<\/div>\n\t\t<\/div>\n\t\t\t\t\t<\/div>\n\t\t<\/section>\n\t\t\t\t<section class=\"elementor-section elementor-inner-section elementor-element elementor-element-f0efdb2 elementor-section-boxed elementor-section-height-default elementor-section-height-default\" data-id=\"f0efdb2\" data-element_type=\"section\" data-e-type=\"section\">\n\t\t\t\t\t\t<div class=\"elementor-container elementor-column-gap-default\">\n\t\t\t\t\t<div class=\"elementor-column elementor-col-50 elementor-inner-column elementor-element elementor-element-dd24889\" data-id=\"dd24889\" data-element_type=\"column\" data-e-type=\"column\">\n\t\t\t<div class=\"elementor-widget-wrap elementor-element-populated\">\n\t\t\t\t\t\t<div class=\"elementor-element elementor-element-1361847 elementor-widget__width-initial elementor-widget elementor-widget-image\" data-id=\"1361847\" data-element_type=\"widget\" data-e-type=\"widget\" data-widget_type=\"image.default\">\n\t\t\t\t<div class=\"elementor-widget-container\">\n\t\t\t\t\t\t\t\t\t\t\t\t\t\t\t\t<a href=\"https:\/\/worldadaptationforum.org\/archive\/2024\/\" target=\"_blank\" rel=\"noopener\">\n\t\t\t\t\t\t\t<img loading=\"lazy\" decoding=\"async\" width=\"1200\" height=\"630\" src=\"https:\/\/cassandraprogram.info\/wp-content\/uploads\/2025\/06\/band-or-break-2.jpg\" class=\"attachment-full size-full wp-image-19742\" alt=\"Bend or Break Together\" srcset=\"https:\/\/cassandraprogram.info\/wp-content\/uploads\/2025\/06\/band-or-break-2.jpg 1200w, https:\/\/cassandraprogram.info\/wp-content\/uploads\/2025\/06\/band-or-break-2-300x158.jpg 300w, https:\/\/cassandraprogram.info\/wp-content\/uploads\/2025\/06\/band-or-break-2-1024x538.jpg 1024w, https:\/\/cassandraprogram.info\/wp-content\/uploads\/2025\/06\/band-or-break-2-768x403.jpg 768w\" sizes=\"auto, (max-width: 1200px) 100vw, 1200px\" \/>\t\t\t\t\t\t\t\t<\/a>\n\t\t\t\t\t\t\t\t\t\t\t\t\t\t\t<\/div>\n\t\t\t\t<\/div>\n\t\t\t\t\t<\/div>\n\t\t<\/div>\n\t\t\t\t<div class=\"elementor-column elementor-col-50 elementor-inner-column elementor-element elementor-element-ce52a00\" data-id=\"ce52a00\" data-element_type=\"column\" data-e-type=\"column\">\n\t\t\t<div class=\"elementor-widget-wrap elementor-element-populated\">\n\t\t\t\t\t\t<div class=\"elementor-element elementor-element-319661d elementor-widget elementor-widget-heading\" data-id=\"319661d\" data-element_type=\"widget\" data-e-type=\"widget\" data-widget_type=\"heading.default\">\n\t\t\t\t<div class=\"elementor-widget-container\">\n\t\t\t\t\t<h3 class=\"elementor-heading-title elementor-size-default\"><a href=\"https:\/\/worldadaptationforum.org\/archive\/2024\/\" target=\"_blank\" rel=\"noopener\">WORLD ADAPTATION FORUM<\/a><\/h3>\t\t\t\t<\/div>\n\t\t\t\t<\/div>\n\t\t\t\t<div class=\"elementor-element elementor-element-74dd9f1 elementor-widget elementor-widget-heading\" data-id=\"74dd9f1\" data-element_type=\"widget\" data-e-type=\"widget\" data-widget_type=\"heading.default\">\n\t\t\t\t<div class=\"elementor-widget-container\">\n\t\t\t\t\t<h4 class=\"elementor-heading-title elementor-size-default\"><a href=\"https:\/\/worldadaptationforum.org\/archive\/2024\/\" target=\"_blank\" rel=\"noopener\">Bend or Break Together<\/a><\/h4>\t\t\t\t<\/div>\n\t\t\t\t<\/div>\n\t\t\t\t<div class=\"elementor-element elementor-element-6c67385 elementor-widget elementor-widget-text-editor\" data-id=\"6c67385\" data-element_type=\"widget\" data-e-type=\"widget\" data-widget_type=\"text-editor.default\">\n\t\t\t\t<div class=\"elementor-widget-container\">\n\t\t\t\t\t\t\t\t\t<p>19-20 April 2024 \/ Budapest,<br \/>National University of Public Service<\/p>\t\t\t\t\t\t\t\t<\/div>\n\t\t\t\t<\/div>\n\t\t\t\t\t<\/div>\n\t\t<\/div>\n\t\t\t\t\t<\/div>\n\t\t<\/section>\n\t\t\t\t<section class=\"elementor-section elementor-inner-section elementor-element elementor-element-2d1ef1d elementor-section-boxed elementor-section-height-default elementor-section-height-default\" data-id=\"2d1ef1d\" data-element_type=\"section\" data-e-type=\"section\">\n\t\t\t\t\t\t<div class=\"elementor-container elementor-column-gap-default\">\n\t\t\t\t\t<div class=\"elementor-column elementor-col-50 elementor-inner-column elementor-element elementor-element-eb21f50\" data-id=\"eb21f50\" data-element_type=\"column\" data-e-type=\"column\">\n\t\t\t<div class=\"elementor-widget-wrap elementor-element-populated\">\n\t\t\t\t\t\t<div class=\"elementor-element elementor-element-fc5db47 elementor-widget__width-initial elementor-widget elementor-widget-image\" data-id=\"fc5db47\" data-element_type=\"widget\" data-e-type=\"widget\" data-widget_type=\"image.default\">\n\t\t\t\t<div class=\"elementor-widget-container\">\n\t\t\t\t\t\t\t\t\t\t\t\t\t\t\t\t<a href=\"\/valsagok-es-valosagok-konferencia\/\" target=\"_blank\">\n\t\t\t\t\t\t\t<img loading=\"lazy\" decoding=\"async\" width=\"1200\" height=\"630\" src=\"https:\/\/cassandraprogram.info\/wp-content\/uploads\/2025\/06\/valsagok-valosagok-2023-3.jpg\" class=\"attachment-full size-full wp-image-19743\" alt=\"V\u00e1ls\u00e1gok \u00e9s val\u00f3s\u00e1gok\" srcset=\"https:\/\/cassandraprogram.info\/wp-content\/uploads\/2025\/06\/valsagok-valosagok-2023-3.jpg 1200w, https:\/\/cassandraprogram.info\/wp-content\/uploads\/2025\/06\/valsagok-valosagok-2023-3-300x158.jpg 300w, https:\/\/cassandraprogram.info\/wp-content\/uploads\/2025\/06\/valsagok-valosagok-2023-3-1024x538.jpg 1024w, https:\/\/cassandraprogram.info\/wp-content\/uploads\/2025\/06\/valsagok-valosagok-2023-3-768x403.jpg 768w\" sizes=\"auto, (max-width: 1200px) 100vw, 1200px\" \/>\t\t\t\t\t\t\t\t<\/a>\n\t\t\t\t\t\t\t\t\t\t\t\t\t\t\t<\/div>\n\t\t\t\t<\/div>\n\t\t\t\t\t<\/div>\n\t\t<\/div>\n\t\t\t\t<div class=\"elementor-column elementor-col-50 elementor-inner-column elementor-element elementor-element-0e5eba3\" data-id=\"0e5eba3\" data-element_type=\"column\" data-e-type=\"column\">\n\t\t\t<div class=\"elementor-widget-wrap elementor-element-populated\">\n\t\t\t\t\t\t<div class=\"elementor-element elementor-element-c1b5126 elementor-widget elementor-widget-heading\" data-id=\"c1b5126\" data-element_type=\"widget\" data-e-type=\"widget\" data-widget_type=\"heading.default\">\n\t\t\t\t<div class=\"elementor-widget-container\">\n\t\t\t\t\t<h3 class=\"elementor-heading-title elementor-size-default\"><a href=\"\/valsagok-es-valosagok-konferencia\/\" target=\"_blank\">CRISES AND REALITIES<\/a><\/h3>\t\t\t\t<\/div>\n\t\t\t\t<\/div>\n\t\t\t\t<div class=\"elementor-element elementor-element-c4aa9c1 elementor-widget elementor-widget-heading\" data-id=\"c4aa9c1\" data-element_type=\"widget\" data-e-type=\"widget\" data-widget_type=\"heading.default\">\n\t\t\t\t<div class=\"elementor-widget-container\">\n\t\t\t\t\t<h4 class=\"elementor-heading-title elementor-size-default\"><a href=\"\/valsagok-es-valosagok-konferencia\/\" target=\"_blank\">Conference on our future, clearly and without illusions\n<\/a><\/h4>\t\t\t\t<\/div>\n\t\t\t\t<\/div>\n\t\t\t\t<div class=\"elementor-element elementor-element-11539a2 elementor-widget elementor-widget-text-editor\" data-id=\"11539a2\" data-element_type=\"widget\" data-e-type=\"widget\" data-widget_type=\"text-editor.default\">\n\t\t\t\t<div class=\"elementor-widget-container\">\n\t\t\t\t\t\t\t\t\t<p>10 May 2023 \/ Budapest,<br \/>Europa Event Center<\/p>\t\t\t\t\t\t\t\t<\/div>\n\t\t\t\t<\/div>\n\t\t\t\t\t<\/div>\n\t\t<\/div>\n\t\t\t\t\t<\/div>\n\t\t<\/section>\n\t\t\t\t<section class=\"elementor-section elementor-inner-section elementor-element elementor-element-9af4018 elementor-section-boxed elementor-section-height-default elementor-section-height-default\" data-id=\"9af4018\" data-element_type=\"section\" data-e-type=\"section\">\n\t\t\t\t\t\t<div class=\"elementor-container elementor-column-gap-default\">\n\t\t\t\t\t<div class=\"elementor-column elementor-col-50 elementor-inner-column elementor-element elementor-element-609ee6c\" data-id=\"609ee6c\" data-element_type=\"column\" data-e-type=\"column\">\n\t\t\t<div class=\"elementor-widget-wrap elementor-element-populated\">\n\t\t\t\t\t\t<div class=\"elementor-element elementor-element-172471d elementor-widget__width-initial elementor-widget elementor-widget-image\" data-id=\"172471d\" data-element_type=\"widget\" data-e-type=\"widget\" data-widget_type=\"image.default\">\n\t\t\t\t<div class=\"elementor-widget-container\">\n\t\t\t\t\t\t\t\t\t\t\t\t\t\t\t\t<a href=\"\/tudomany-es-alkalmazkodas-konferencia\/\" target=\"_blank\">\n\t\t\t\t\t\t\t<img loading=\"lazy\" decoding=\"async\" width=\"1200\" height=\"630\" src=\"https:\/\/cassandraprogram.info\/wp-content\/uploads\/2025\/06\/tudomany-alkalmazkodas-2023-4.jpg\" class=\"attachment-full size-full wp-image-19744\" alt=\"Tudom\u00e1ny \u00e9s alkalmazkod\u00e1s\" srcset=\"https:\/\/cassandraprogram.info\/wp-content\/uploads\/2025\/06\/tudomany-alkalmazkodas-2023-4.jpg 1200w, https:\/\/cassandraprogram.info\/wp-content\/uploads\/2025\/06\/tudomany-alkalmazkodas-2023-4-300x158.jpg 300w, https:\/\/cassandraprogram.info\/wp-content\/uploads\/2025\/06\/tudomany-alkalmazkodas-2023-4-1024x538.jpg 1024w, https:\/\/cassandraprogram.info\/wp-content\/uploads\/2025\/06\/tudomany-alkalmazkodas-2023-4-768x403.jpg 768w\" sizes=\"auto, (max-width: 1200px) 100vw, 1200px\" \/>\t\t\t\t\t\t\t\t<\/a>\n\t\t\t\t\t\t\t\t\t\t\t\t\t\t\t<\/div>\n\t\t\t\t<\/div>\n\t\t\t\t\t<\/div>\n\t\t<\/div>\n\t\t\t\t<div class=\"elementor-column elementor-col-50 elementor-inner-column elementor-element elementor-element-5292ba4\" data-id=\"5292ba4\" data-element_type=\"column\" data-e-type=\"column\">\n\t\t\t<div class=\"elementor-widget-wrap elementor-element-populated\">\n\t\t\t\t\t\t<div class=\"elementor-element elementor-element-30b994e elementor-widget elementor-widget-heading\" data-id=\"30b994e\" data-element_type=\"widget\" data-e-type=\"widget\" data-widget_type=\"heading.default\">\n\t\t\t\t<div class=\"elementor-widget-container\">\n\t\t\t\t\t<h3 class=\"elementor-heading-title elementor-size-default\"><a href=\"\/tudomany-es-alkalmazkodas-konferencia\/\" target=\"_blank\">SCIENCE AND ADAPTATION<\/a><\/h3>\t\t\t\t<\/div>\n\t\t\t\t<\/div>\n\t\t\t\t<div class=\"elementor-element elementor-element-54f9686 elementor-widget elementor-widget-heading\" data-id=\"54f9686\" data-element_type=\"widget\" data-e-type=\"widget\" data-widget_type=\"heading.default\">\n\t\t\t\t<div class=\"elementor-widget-container\">\n\t\t\t\t\t<h4 class=\"elementor-heading-title elementor-size-default\"><a href=\"\/tudomany-es-alkalmazkodas-konferencia\/\" target=\"_blank\">Conference on the challenges and opportunities facing humanity\n<\/a><\/h4>\t\t\t\t<\/div>\n\t\t\t\t<\/div>\n\t\t\t\t<div class=\"elementor-element elementor-element-d72d856 elementor-widget elementor-widget-text-editor\" data-id=\"d72d856\" data-element_type=\"widget\" data-e-type=\"widget\" data-widget_type=\"text-editor.default\">\n\t\t\t\t<div class=\"elementor-widget-container\">\n\t\t\t\t\t\t\t\t\t<p>22 April 2023 \/ Balatonalm\u00e1di,<br \/>Nereus Park Hotel<\/p>\t\t\t\t\t\t\t\t<\/div>\n\t\t\t\t<\/div>\n\t\t\t\t\t<\/div>\n\t\t<\/div>\n\t\t\t\t\t<\/div>\n\t\t<\/section>\n\t\t\t\t\t<\/div>\n\t\t<\/div>\n\t\t\t\t\t<\/div>\n\t\t<\/section>\n\t\t\t\t<section class=\"elementor-section elementor-top-section elementor-element elementor-element-e9da4ec elementor-section-boxed elementor-section-height-default elementor-section-height-default\" data-id=\"e9da4ec\" data-element_type=\"section\" data-e-type=\"section\">\n\t\t\t\t\t\t<div class=\"elementor-container elementor-column-gap-default\">\n\t\t\t\t\t<div class=\"elementor-column elementor-col-100 elementor-top-column elementor-element elementor-element-a8aae26\" data-id=\"a8aae26\" data-element_type=\"column\" data-e-type=\"column\">\n\t\t\t<div class=\"elementor-widget-wrap\">\n\t\t\t\t\t\t\t<\/div>\n\t\t<\/div>\n\t\t\t\t\t<\/div>\n\t\t<\/section>\n\t\t\t\t<\/div>\n\t\t","protected":false},"excerpt":{"rendered":"<p>Within the framework of the Cassandra Program, we regularly organise conferences and professional forums where leading Hungarian and international thinkers share their knowledge on the expected consequences of systemic crises and the possibilities for adapting to them. The aim of our events is to foster broad and honest dialogue about the realities of the age [&hellip;]<\/p>\n","protected":false},"author":1,"featured_media":0,"parent":0,"menu_order":0,"comment_status":"closed","ping_status":"closed","template":"","meta":{"footnotes":""},"class_list":["post-19739","page","type-page","status-publish","hentry"],"_links":{"self":[{"href":"https:\/\/cassandraprogram.info\/en\/wp-json\/wp\/v2\/pages\/19739","targetHints":{"allow":["GET"]}}],"collection":[{"href":"https:\/\/cassandraprogram.info\/en\/wp-json\/wp\/v2\/pages"}],"about":[{"href":"https:\/\/cassandraprogram.info\/en\/wp-json\/wp\/v2\/types\/page"}],"author":[{"embeddable":true,"href":"https:\/\/cassandraprogram.info\/en\/wp-json\/wp\/v2\/users\/1"}],"replies":[{"embeddable":true,"href":"https:\/\/cassandraprogram.info\/en\/wp-json\/wp\/v2\/comments?post=19739"}],"version-history":[{"count":5,"href":"https:\/\/cassandraprogram.info\/en\/wp-json\/wp\/v2\/pages\/19739\/revisions"}],"predecessor-version":[{"id":19750,"href":"https:\/\/cassandraprogram.info\/en\/wp-json\/wp\/v2\/pages\/19739\/revisions\/19750"}],"wp:attachment":[{"href":"https:\/\/cassandraprogram.info\/en\/wp-json\/wp\/v2\/media?parent=19739"}],"curies":[{"name":"wp","href":"https:\/\/api.w.org\/{rel}","templated":true}]}}