{"id":19752,"date":"2022-07-30T22:39:18","date_gmt":"2022-07-30T20:39:18","guid":{"rendered":"https:\/\/cassandraprogram.info\/tamogatas\/"},"modified":"2026-02-04T22:46:49","modified_gmt":"2026-02-04T21:46:49","slug":"support","status":"publish","type":"page","link":"https:\/\/cassandraprogram.info\/en\/support\/","title":{"rendered":"Support"},"content":{"rendered":"\t\t<div data-elementor-type=\"wp-page\" data-elementor-id=\"19752\" class=\"elementor elementor-19752 elementor-3310\" data-elementor-post-type=\"page\">\n\t\t\t\t\t\t<section class=\"elementor-section elementor-top-section elementor-element elementor-element-5aa6311 elementor-section-full_width elementor-section-height-min-height elementor-section-content-middle sub-header elementor-section-height-default elementor-section-items-middle\" data-id=\"5aa6311\" data-element_type=\"section\" data-e-type=\"section\" data-settings=\"{&quot;background_background&quot;:&quot;classic&quot;}\">\n\t\t\t\t\t\t\t<div class=\"elementor-background-overlay\"><\/div>\n\t\t\t\t\t\t\t<div class=\"elementor-container elementor-column-gap-default\">\n\t\t\t\t\t<div class=\"elementor-column elementor-col-50 elementor-top-column elementor-element elementor-element-7526075\" data-id=\"7526075\" data-element_type=\"column\" data-e-type=\"column\">\n\t\t\t<div class=\"elementor-widget-wrap elementor-element-populated\">\n\t\t\t\t\t\t\t<\/div>\n\t\t<\/div>\n\t\t\t\t<div class=\"elementor-column elementor-col-50 elementor-top-column elementor-element elementor-element-bc70ad3 elementor-hidden-mobile elementor-hidden-tablet\" data-id=\"bc70ad3\" data-element_type=\"column\" data-e-type=\"column\">\n\t\t\t<div class=\"elementor-widget-wrap elementor-element-populated\">\n\t\t\t\t\t\t<div class=\"elementor-element elementor-element-dcbd359 elementor-widget elementor-widget-spacer\" data-id=\"dcbd359\" data-element_type=\"widget\" data-e-type=\"widget\" data-widget_type=\"spacer.default\">\n\t\t\t\t<div class=\"elementor-widget-container\">\n\t\t\t\t\t\t\t<div class=\"elementor-spacer\">\n\t\t\t<div class=\"elementor-spacer-inner\"><\/div>\n\t\t<\/div>\n\t\t\t\t\t\t<\/div>\n\t\t\t\t<\/div>\n\t\t\t\t\t<\/div>\n\t\t<\/div>\n\t\t\t\t\t<\/div>\n\t\t<\/section>\n\t\t\t\t<section class=\"elementor-section elementor-top-section elementor-element elementor-element-179e98f elementor-section-boxed elementor-section-height-default elementor-section-height-default\" data-id=\"179e98f\" data-element_type=\"section\" data-e-type=\"section\" data-settings=\"{&quot;background_background&quot;:&quot;classic&quot;}\">\n\t\t\t\t\t\t\t<div class=\"elementor-background-overlay\"><\/div>\n\t\t\t\t\t\t\t<div class=\"elementor-container elementor-column-gap-default\">\n\t\t\t\t\t<div class=\"elementor-column elementor-col-100 elementor-top-column elementor-element elementor-element-bfd0e7e\" data-id=\"bfd0e7e\" data-element_type=\"column\" data-e-type=\"column\">\n\t\t\t<div class=\"elementor-widget-wrap elementor-element-populated\">\n\t\t\t\t\t\t<section class=\"elementor-section elementor-inner-section elementor-element elementor-element-322c511 elementor-section-boxed elementor-section-height-default elementor-section-height-default\" data-id=\"322c511\" data-element_type=\"section\" data-e-type=\"section\">\n\t\t\t\t\t\t<div class=\"elementor-container elementor-column-gap-default\">\n\t\t\t\t\t<div class=\"elementor-column elementor-col-50 elementor-inner-column elementor-element elementor-element-9fadcb0\" data-id=\"9fadcb0\" data-element_type=\"column\" data-e-type=\"column\">\n\t\t\t<div class=\"elementor-widget-wrap elementor-element-populated\">\n\t\t\t\t\t\t<div class=\"elementor-element elementor-element-e455e4d elementor-widget elementor-widget-text-editor\" data-id=\"e455e4d\" data-element_type=\"widget\" data-e-type=\"widget\" data-widget_type=\"text-editor.default\">\n\t\t\t\t<div class=\"elementor-widget-container\">\n\t\t\t\t\t\t\t\t\tOur lives are dedicated entirely to preparing for the coming collaps \u2013 so that you may focus on other things.\n\nRead, observe, and reflect. <strong>Learn about the processes and interconnections<\/strong> around us, so that you can understand how their consequences will affect your life and the lives of those who matter to you. <strong>Only in this way can you make sound and credible decisions<\/strong> about your future.\n\nOur time is limited, and our task is great. If you feel that our work is worthy of your support and you would like to contribute to our mission \u2013 to ensure that credible information reaches as many people in Hungary as possible, as soon as possible \u2013 <strong>please consider supporting our work with a one-off or regular monthly donation<\/strong>.\t\t\t\t\t\t\t\t<\/div>\n\t\t\t\t<\/div>\n\t\t\t\t\t<\/div>\n\t\t<\/div>\n\t\t\t\t<div class=\"elementor-column elementor-col-50 elementor-inner-column elementor-element elementor-element-bd2be84\" data-id=\"bd2be84\" data-element_type=\"column\" data-e-type=\"column\" data-settings=\"{&quot;background_background&quot;:&quot;classic&quot;}\">\n\t\t\t<div class=\"elementor-widget-wrap elementor-element-populated\">\n\t\t\t\t\t\t<div class=\"elementor-element elementor-element-820cbf9 elementor-widget elementor-widget-spacer\" data-id=\"820cbf9\" data-element_type=\"widget\" data-e-type=\"widget\" data-widget_type=\"spacer.default\">\n\t\t\t\t<div class=\"elementor-widget-container\">\n\t\t\t\t\t\t\t<div class=\"elementor-spacer\">\n\t\t\t<div class=\"elementor-spacer-inner\"><\/div>\n\t\t<\/div>\n\t\t\t\t\t\t<\/div>\n\t\t\t\t<\/div>\n\t\t\t\t\t<\/div>\n\t\t<\/div>\n\t\t\t\t\t<\/div>\n\t\t<\/section>\n\t\t\t\t<div class=\"elementor-element elementor-element-ab1c613 elementor-widget elementor-widget-text-editor\" data-id=\"ab1c613\" data-element_type=\"widget\" data-e-type=\"widget\" data-widget_type=\"text-editor.default\">\n\t\t\t\t<div class=\"elementor-widget-container\">\n\t\t\t\t\t\t\t\t\t<p>We sincerely thank you for your trust and attention.<\/p>\t\t\t\t\t\t\t\t<\/div>\n\t\t\t\t<\/div>\n\t\t\t\t<div class=\"elementor-element elementor-element-f71e663 elementor-widget elementor-widget-text-editor\" data-id=\"f71e663\" data-element_type=\"widget\" data-e-type=\"widget\" data-widget_type=\"text-editor.default\">\n\t\t\t\t<div class=\"elementor-widget-container\">\n\t\t\t\t\t\t\t\t\t<p><strong>Name: <\/strong>Tideus Public Benefit Nonprofit Ltd.<\/p><p><strong>Bank account number: <\/strong> 11600006-00000000-95488569<\/p><p><strong>IBAN<\/strong>: HU81 1160 0006 0000 0000 9548 8569<\/p><p><strong>SWIFT \/ BIC:<\/strong>\u00a0GIBAHUHBXXX<\/p><p><strong>Reference:<\/strong> Support<\/p>\t\t\t\t\t\t\t\t<\/div>\n\t\t\t\t<\/div>\n\t\t\t\t<section class=\"elementor-section elementor-inner-section elementor-element elementor-element-34e7ac7 elementor-section-boxed elementor-section-height-default elementor-section-height-default\" data-id=\"34e7ac7\" data-element_type=\"section\" data-e-type=\"section\">\n\t\t\t\t\t\t<div class=\"elementor-container elementor-column-gap-default\">\n\t\t\t\t\t<div class=\"elementor-column elementor-col-50 elementor-inner-column elementor-element elementor-element-b5ca07b\" data-id=\"b5ca07b\" data-element_type=\"column\" data-e-type=\"column\">\n\t\t\t<div class=\"elementor-widget-wrap elementor-element-populated\">\n\t\t\t\t\t\t<div class=\"elementor-element elementor-element-5ea2ccf elementor-align-center elementor-widget elementor-widget-button\" data-id=\"5ea2ccf\" data-element_type=\"widget\" data-e-type=\"widget\" data-widget_type=\"button.default\">\n\t\t\t\t<div class=\"elementor-widget-container\">\n\t\t\t\t\t\t\t\t\t<div class=\"elementor-button-wrapper\">\n\t\t\t\t\t<a class=\"elementor-button elementor-button-link elementor-size-sm\" href=\"https:\/\/www.donably.com\/cassandra-program\" target=\"_blank\" rel=\"noopener\">\n\t\t\t\t\t\t<span class=\"elementor-button-content-wrapper\">\n\t\t\t\t\t\t\t\t\t<span class=\"elementor-button-text\">DONABLY<\/span>\n\t\t\t\t\t<\/span>\n\t\t\t\t\t<\/a>\n\t\t\t\t<\/div>\n\t\t\t\t\t\t\t\t<\/div>\n\t\t\t\t<\/div>\n\t\t\t\t\t<\/div>\n\t\t<\/div>\n\t\t\t\t<div class=\"elementor-column elementor-col-50 elementor-inner-column elementor-element elementor-element-adf335c\" data-id=\"adf335c\" data-element_type=\"column\" data-e-type=\"column\" data-settings=\"{&quot;background_background&quot;:&quot;classic&quot;}\">\n\t\t\t<div class=\"elementor-widget-wrap elementor-element-populated\">\n\t\t\t\t\t\t<div class=\"elementor-element elementor-element-8d5441b elementor-align-center elementor-widget elementor-widget-button\" data-id=\"8d5441b\" data-element_type=\"widget\" data-e-type=\"widget\" data-widget_type=\"button.default\">\n\t\t\t\t<div class=\"elementor-widget-container\">\n\t\t\t\t\t\t\t\t\t<div class=\"elementor-button-wrapper\">\n\t\t\t\t\t<a class=\"elementor-button elementor-button-link elementor-size-sm\" href=\"https:\/\/www.paypal.com\/donate\/?hosted_button_id=G442XNWKHB2CW\" target=\"_blank\" rel=\"noopener\">\n\t\t\t\t\t\t<span class=\"elementor-button-content-wrapper\">\n\t\t\t\t\t\t\t\t\t<span class=\"elementor-button-text\">PAYPAL<\/span>\n\t\t\t\t\t<\/span>\n\t\t\t\t\t<\/a>\n\t\t\t\t<\/div>\n\t\t\t\t\t\t\t\t<\/div>\n\t\t\t\t<\/div>\n\t\t\t\t\t<\/div>\n\t\t<\/div>\n\t\t\t\t\t<\/div>\n\t\t<\/section>\n\t\t\t\t\t<\/div>\n\t\t<\/div>\n\t\t\t\t\t<\/div>\n\t\t<\/section>\n\t\t\t\t<section class=\"elementor-section elementor-top-section elementor-element elementor-element-1d46589 elementor-section-boxed elementor-section-height-default elementor-section-height-default\" data-id=\"1d46589\" data-element_type=\"section\" data-e-type=\"section\" data-settings=\"{&quot;background_background&quot;:&quot;classic&quot;}\">\n\t\t\t\t\t\t\t<div class=\"elementor-background-overlay\"><\/div>\n\t\t\t\t\t\t\t<div class=\"elementor-container elementor-column-gap-default\">\n\t\t\t\t\t<div class=\"elementor-column elementor-col-100 elementor-top-column elementor-element elementor-element-c539f56 v-card-column\" data-id=\"c539f56\" data-element_type=\"column\" data-e-type=\"column\">\n\t\t\t<div class=\"elementor-widget-wrap elementor-element-populated\">\n\t\t\t\t\t\t<div class=\"elementor-element elementor-element-f24b995 elementor-widget elementor-widget-heading\" data-id=\"f24b995\" data-element_type=\"widget\" data-e-type=\"widget\" data-widget_type=\"heading.default\">\n\t\t\t\t<div class=\"elementor-widget-container\">\n\t\t\t\t\t<h2 class=\"elementor-heading-title elementor-size-default\">With our work, we would like to thank all those whose support makes it possible for more and more people to face reality honestly.<\/h2>\t\t\t\t<\/div>\n\t\t\t\t<\/div>\n\t\t\t\t<div class=\"elementor-element elementor-element-a438991 elementor-widget elementor-widget-text-editor\" data-id=\"a438991\" data-element_type=\"widget\" data-e-type=\"widget\" data-widget_type=\"text-editor.default\">\n\t\t\t\t<div class=\"elementor-widget-container\">\n\t\t\t\t\t\t\t\t\t<p>Katalin Antal<br \/>Nikolett Antal<br \/>Enik\u0151 Bacsa<br \/>Adrienn Bal\u00e1zs<br \/>Ilona Bal\u00e1zs<br \/>\u00c1d\u00e1m Balogh<br \/>G\u00e1bor Bandl<br \/>Am\u00edr B\u00e1nyai<br \/>\u00c9va Barta<br \/>Katalin Barta<br \/>Szilvia Bazs\u00f3<br \/>Tibor Beh\u00e1ny<br \/>Andrea Benk\u0151<br \/>Krisztina Bereczki<br \/>Attila Bert\u00f3k<br \/>Rich\u00e1rd Bernhardt<br \/>Szil\u00e1rd Bero<br \/>Szil\u00e1rd Binszki<br \/>Dezs\u0151 Boda<br \/>G\u00e1bor B\u00f3di<br \/>Istv\u00e1n Bodn\u00e1r<br \/>Gergely Bolya<br \/>M\u00e1ria B\u0151sze<br \/>Erzs\u00e9bet Both<br \/>Marianna Crosina<br \/>Bal\u00e1zs Cs\u00e1k<br \/>\u00c9va Cs\u00e1kv\u00e1ri<br \/>Judit Csabai<br \/>Endre Csibi<br \/>J\u00e1nos Csizmadia<br \/>Ildik\u00f3 Csoba<br \/>Szilvia Csord\u00e1s<br \/>Tibor Czegl\u00e9di<br \/>Bogl\u00e1rka Czegl\u00e9di-Gere<br \/>Istv\u00e1n Czig\u00e1ny<br \/>Vikt\u00f3ria Dajka<br \/>Ferenc Dancs<br \/>\u00c9va D\u00e1niel<br \/>Barnab\u00e1s Davoti<br \/>J\u00f3zsef Demeter<br \/>Szil\u00e1rd Demeter<br \/>K\u00e1roly Demj\u00e9n<br \/>Zita Derv\u00e1r<br \/>Brigitta Ditr\u00f3i<br \/>Tam\u00e1s Ditr\u00f3i<br \/>Attila Dobrovitz<br \/>M\u00f3nika Domj\u00e1n<br \/>M\u00f3nika Doromby<br \/>Erika Dupcsik<br \/>Kinga Erd\u00e9lyi<br \/>Mikl\u00f3s F\u00e1si<br \/>Attila Feh\u00e9rv\u00e1ry<br \/>Attila Fekete<br \/>Andr\u00e1s Fekete<br \/>Rich\u00e1rd Fekete<br \/>Nikolett Forray<br \/>Istv\u00e1n F\u00f6ldv\u00e1ri<br \/>Attila F\u00f6rd\u0151s<br \/>Bodg\u00e1n F\u00fclep<br \/>M\u00e1ria Ga\u00e1l<br \/>R\u00e9ka Gajd\u00e1cs<br \/>L\u00e1szl\u00f3 G\u00e1bor<br \/>Andr\u00e1s Gelencs\u00e9r<br \/>Zsuzsa Gentischer<br \/>Tibor G\u0151gh<br \/>J\u00e1nos Gyurik<br \/>Attila Gyuris<br \/>Emese H\u00e1mori<br \/>Kitti H\u00e1romsz\u00e9ki<br \/>P\u00e9ter H\u00e1rs<br \/>Adri\u00e1n Heged\u0171s<br \/>Erzs\u00e9bet Heged\u0171s<br \/>S\u00e1ndor H\u00e9gely<br \/>Jen\u0151 Hodi<br \/>J\u00e1nos Hornung<br \/>Krisztina Horv\u00e1th<br \/>M\u00f3nika Horv\u00e1th<br \/>Gy\u00f6rgy Horv\u00e1th-Szov\u00e1ti<br \/>Orsolya Huzi\u00e1n<br \/>Lajos Imre<br \/>Zsuzsanna Iv\u00e1nka<br \/>Gy\u00f6rgy Janza<br \/>M\u00f3nika Jask\u00f3<br \/>Tam\u00e1s J\u00e1rv\u00e1s<br \/>Erika J\u00f3zsa<br \/>Gy\u00f6rgyi Jutasi<br \/>Erika Kal\u00f3<br \/>Benedek Kapl\u00e1r-Feh\u00e9r<br \/>Gergely Kardos<br \/>Vikt\u00f3ria Kassay<br \/>Marianna Kaszala<br \/>Edit Ker\u00e9kgy\u00e1rt\u00f3<br \/>G\u00e1bor Kiss<br \/>Olga Kiss<br \/>Attila Klausz<br \/>J\u00f3zsef Klenk<br \/>M\u00e1ria Koll\u00e1r<br \/>G\u00e1bor K\u00f6rmendy<br \/>R\u00f3bert Kosztka<br \/>T\u00edmea Kov\u00e1c<br \/>Bernadett Kov\u00e1cs<br \/>Edina Kov\u00e1cs<br \/>Tam\u00e1s Kov\u00e1cs<br \/>Andr\u00e1s Krajny\u00e1k<br \/>Katalin Krisztalovics<br \/>Gergely Kronome<br \/>Be\u00e1ta Kulcs\u00e1r<br \/>Em\u0151ke Kutas<br \/>Norbert Labundy<br \/>Mil\u00e1n Lantos<br \/>Andr\u00e1s L\u0151di<br \/>Kyra Lyublyanovics<br \/>Istv\u00e1n Magyar<br \/>Szil\u00e1rd Matusik<br \/>Merc\u00e9desz Maz\u00e1n<br \/>Barbara M\u00e1t\u00e9<br \/>Piroska M\u00e1t\u00e9<br \/>B\u00e9la Mester<br \/>Tibor M\u00e9hes<br \/>Csilla Mihalicz<br \/>Diana Mocs\u00e1ri<br \/>Katalin Moln\u00e1r<br \/>Rita Moln\u00e1r<br \/>Tam\u00e1s M\u00f3zes<br \/>Ferenc Mudri<br \/>Istv\u00e1n Mudri<br \/>D\u00f3ra Nagy<br \/>Hedvig Nagy<br \/>Orsolya Nagy<br \/>N\u00f3ra N\u00e1ndorfi<br \/>Zsolt N\u00e1zon<br \/>Zolt\u00e1n Nedvesi<br \/>Al\u00edz N\u00e9meth<br \/>Anita N\u00e9meth<br \/>Bal\u00e1zs N\u00e9meth<br \/>Orsolya Ny\u00e1rai<br \/>D\u00f3ra Oroszv\u00e1ri<br \/>R\u00e9ka Pa\u00e1l-Szarvas<br \/>Kata Pal\u00e1gyi<br \/>K\u00e1lm\u00e1n Pal\u00e1gyi<br \/>Gy\u00f6rgyike P\u00e1l\u00f3czi<br \/>Anett Picz<br \/>Csilla Piller<br \/>Zsanett Pint\u00e9r-Lud\u00e1nyi<br \/>Eszter Pohubi<br \/>Nat\u00e1lia Radics<br \/>J\u00f3zsef Radnay<br \/>Tiham\u00e9r Radov\u00e1n<br \/>Eszter R\u00e1bav\u00f6lgyi<br \/>Zolt\u00e1n Ruszny\u00e1k<br \/>M\u00e1rta Sajben<br \/>Zsuzsanna Sal\u00e1nki-Nagy<br \/>Giuseppe Scaricamazza<br \/>Tam\u00e1s Schleich<br \/>Anita Schuppauer<br \/>P\u00e9ter Schweighardt<br \/>Klaudia Sid\u00f3<br \/>Melinda Sifter<br \/>Andrea Siki<br \/>Erika Simonovits<br \/>Gerg\u0151 Siteri<br \/>No\u00e9mi Somssich<br \/>Istv\u00e1n Stumpf<br \/>Helga Szabady<br \/>Bal\u00e1zs Szab\u00f3<br \/>B\u00e1lint Szab\u00f3<br \/>Katalin Szab\u00f3<br \/>Mirtill Szab\u00f3<br \/>Zolt\u00e1n Szab\u00f3<br \/>Zs\u00f3fia Szab\u00f3<br \/>Szilvia Sz\u00e1nt\u00f3<br \/>\u00c1gnes Sz\u00e1z<br \/>Andrea Szekeres<br \/>Judit Szekeres<br \/>Dezs\u0151 Szil\u00e1gyi<br \/>Katalin Szir\u00e1ki<br \/>Judit Sz\u0151dy<br \/>Bal\u00e1zs Sz\u0151ke<br \/>Andr\u00e1s Sz\u0151nyei<br \/>Andrea Sztebel<br \/>P\u00e9ter Szunyogh<br \/>Orsolya Sz\u00fcrti<br \/>Erika Tarhos<br \/>Elisabeth Tengbergen<br \/>P\u00e9ter Tibold<br \/>Erika Tiegelmann<br \/>Frank T\u00f3th<br \/>Ivett T\u00f3th<br \/>Katalin T\u00f3th<br \/>Szilvia T\u00f3th<br \/>Zolt\u00e1n T\u00f3th<br \/>D\u00f3ra T\u00f3th-Deme<br \/>Dezs\u0151 Uzonyi<br \/>Edina Vajda<br \/>J\u00f3zsef Varga<br \/>Melinda Varga<br \/>Szilvia V\u00e1rkonyi<br \/>Bal\u00e1zs Versegi<br \/>Judit Vojczek<br \/>G\u00e1bor V\u00f6r\u00f6s<br \/>L\u00e1szl\u00f3 Wahl<br \/>R\u00e9ka Zelenka-Szab\u00f3<br \/>N\u00e1ndor Zima<\/p>\t\t\t\t\t\t\t\t<\/div>\n\t\t\t\t<\/div>\n\t\t\t\t\t<\/div>\n\t\t<\/div>\n\t\t\t\t\t<\/div>\n\t\t<\/section>\n\t\t\t\t<\/div>\n\t\t","protected":false},"excerpt":{"rendered":"<p>Our lives are dedicated entirely to preparing for the coming collaps \u2013 so that you may focus on other things. Read, observe, and reflect. Learn about the processes and interconnections around us, so that you can understand how their consequences will affect your life and the lives of those who matter to you. Only in [&hellip;]<\/p>\n","protected":false},"author":1,"featured_media":0,"parent":0,"menu_order":0,"comment_status":"closed","ping_status":"closed","template":"","meta":{"footnotes":""},"class_list":["post-19752","page","type-page","status-publish","hentry"],"_links":{"self":[{"href":"https:\/\/cassandraprogram.info\/en\/wp-json\/wp\/v2\/pages\/19752","targetHints":{"allow":["GET"]}}],"collection":[{"href":"https:\/\/cassandraprogram.info\/en\/wp-json\/wp\/v2\/pages"}],"about":[{"href":"https:\/\/cassandraprogram.info\/en\/wp-json\/wp\/v2\/types\/page"}],"author":[{"embeddable":true,"href":"https:\/\/cassandraprogram.info\/en\/wp-json\/wp\/v2\/users\/1"}],"replies":[{"embeddable":true,"href":"https:\/\/cassandraprogram.info\/en\/wp-json\/wp\/v2\/comments?post=19752"}],"version-history":[{"count":17,"href":"https:\/\/cassandraprogram.info\/en\/wp-json\/wp\/v2\/pages\/19752\/revisions"}],"predecessor-version":[{"id":20383,"href":"https:\/\/cassandraprogram.info\/en\/wp-json\/wp\/v2\/pages\/19752\/revisions\/20383"}],"wp:attachment":[{"href":"https:\/\/cassandraprogram.info\/en\/wp-json\/wp\/v2\/media?parent=19752"}],"curies":[{"name":"wp","href":"https:\/\/api.w.org\/{rel}","templated":true}]}}