{"id":20142,"date":"2022-07-14T14:52:10","date_gmt":"2022-07-14T12:52:10","guid":{"rendered":"https:\/\/cassandraprogram.info\/audio-en\/"},"modified":"2026-02-02T02:32:05","modified_gmt":"2026-02-02T01:32:05","slug":"listen-en","status":"publish","type":"page","link":"https:\/\/cassandraprogram.info\/en\/listen-en\/","title":{"rendered":"Listen! &#8211; en"},"content":{"rendered":"\t\t<div data-elementor-type=\"wp-page\" data-elementor-id=\"20142\" class=\"elementor elementor-20142 elementor-1959\" data-elementor-post-type=\"page\">\n\t\t\t\t\t\t<section class=\"elementor-section elementor-top-section elementor-element elementor-element-7dd3d362 elementor-section-full_width elementor-section-height-min-height elementor-section-content-middle sub-header elementor-section-height-default elementor-section-items-middle\" data-id=\"7dd3d362\" data-element_type=\"section\" data-e-type=\"section\" data-settings=\"{&quot;background_background&quot;:&quot;classic&quot;}\">\n\t\t\t\t\t\t\t<div class=\"elementor-background-overlay\"><\/div>\n\t\t\t\t\t\t\t<div class=\"elementor-container elementor-column-gap-default\">\n\t\t\t\t\t<div class=\"elementor-column elementor-col-50 elementor-top-column elementor-element elementor-element-2c6a9987\" data-id=\"2c6a9987\" data-element_type=\"column\" data-e-type=\"column\">\n\t\t\t<div class=\"elementor-widget-wrap elementor-element-populated\">\n\t\t\t\t\t\t\t<\/div>\n\t\t<\/div>\n\t\t\t\t<div class=\"elementor-column elementor-col-50 elementor-top-column elementor-element elementor-element-670df3d8 elementor-hidden-mobile elementor-hidden-tablet\" data-id=\"670df3d8\" data-element_type=\"column\" data-e-type=\"column\">\n\t\t\t<div class=\"elementor-widget-wrap elementor-element-populated\">\n\t\t\t\t\t\t<div class=\"elementor-element elementor-element-37c5e69 elementor-widget elementor-widget-spacer\" data-id=\"37c5e69\" data-element_type=\"widget\" data-e-type=\"widget\" data-widget_type=\"spacer.default\">\n\t\t\t\t<div class=\"elementor-widget-container\">\n\t\t\t\t\t\t\t<div class=\"elementor-spacer\">\n\t\t\t<div class=\"elementor-spacer-inner\"><\/div>\n\t\t<\/div>\n\t\t\t\t\t\t<\/div>\n\t\t\t\t<\/div>\n\t\t\t\t\t<\/div>\n\t\t<\/div>\n\t\t\t\t\t<\/div>\n\t\t<\/section>\n\t\t\t\t<section class=\"elementor-section elementor-top-section elementor-element elementor-element-14bb8e6 elementor-section-height-min-height fit-section elementor-section-boxed elementor-section-height-default elementor-section-items-middle\" data-id=\"14bb8e6\" data-element_type=\"section\" data-e-type=\"section\">\n\t\t\t\t\t\t<div class=\"elementor-container elementor-column-gap-no\">\n\t\t\t\t\t<div class=\"elementor-column elementor-col-100 elementor-top-column elementor-element elementor-element-0801bfa\" data-id=\"0801bfa\" data-element_type=\"column\" data-e-type=\"column\">\n\t\t\t<div class=\"elementor-widget-wrap elementor-element-populated\">\n\t\t\t\t\t\t<div class=\"elementor-element elementor-element-c0258d4 elementor-widget__width-auto category-trigger-1 e-transform elementor-widget elementor-widget-heading\" data-id=\"c0258d4\" data-element_type=\"widget\" data-e-type=\"widget\" data-settings=\"{&quot;_transform_rotateZ_effect&quot;:{&quot;unit&quot;:&quot;px&quot;,&quot;size&quot;:-90,&quot;sizes&quot;:[]},&quot;_transform_rotateZ_effect_tablet&quot;:{&quot;unit&quot;:&quot;deg&quot;,&quot;size&quot;:&quot;&quot;,&quot;sizes&quot;:[]},&quot;_transform_rotateZ_effect_mobile&quot;:{&quot;unit&quot;:&quot;deg&quot;,&quot;size&quot;:&quot;&quot;,&quot;sizes&quot;:[]}}\" data-widget_type=\"heading.default\">\n\t\t\t\t<div class=\"elementor-widget-container\">\n\t\t\t\t\t<h4 class=\"elementor-heading-title elementor-size-small\">Categories<\/h4>\t\t\t\t<\/div>\n\t\t\t\t<\/div>\n\t\t\t\t\t<\/div>\n\t\t<\/div>\n\t\t\t\t\t<\/div>\n\t\t<\/section>\n\t\t\t\t<section class=\"elementor-section elementor-top-section elementor-element elementor-element-255885eb elementor-section-boxed elementor-section-height-default elementor-section-height-default\" data-id=\"255885eb\" data-element_type=\"section\" data-e-type=\"section\" data-settings=\"{&quot;background_background&quot;:&quot;classic&quot;}\">\n\t\t\t\t\t\t\t<div class=\"elementor-background-overlay\"><\/div>\n\t\t\t\t\t\t\t<div class=\"elementor-container elementor-column-gap-default\">\n\t\t\t\t\t<div class=\"elementor-column elementor-col-100 elementor-top-column elementor-element elementor-element-1e8bcca9\" data-id=\"1e8bcca9\" data-element_type=\"column\" data-e-type=\"column\">\n\t\t\t<div class=\"elementor-widget-wrap elementor-element-populated\">\n\t\t\t\t\t\t<section class=\"elementor-section elementor-inner-section elementor-element elementor-element-cbf04f3 own-breadcrumb elementor-section-boxed elementor-section-height-default elementor-section-height-default\" data-id=\"cbf04f3\" data-element_type=\"section\" data-e-type=\"section\">\n\t\t\t\t\t\t<div class=\"elementor-container elementor-column-gap-default\">\n\t\t\t\t\t<div class=\"elementor-column elementor-col-33 elementor-inner-column elementor-element elementor-element-35ac836 obc-column\" data-id=\"35ac836\" data-element_type=\"column\" data-e-type=\"column\">\n\t\t\t<div class=\"elementor-widget-wrap elementor-element-populated\">\n\t\t\t\t\t\t<div class=\"elementor-element elementor-element-4b97aa8 elementor-widget elementor-widget-text-editor\" data-id=\"4b97aa8\" data-element_type=\"widget\" data-e-type=\"widget\" data-widget_type=\"text-editor.default\">\n\t\t\t\t<div class=\"elementor-widget-container\">\n\t\t\t\t\t\t\t\t\t<p><a href=\"https:\/\/cassandraprogram.info\/\">\ud83c\udfe0<\/a><\/p>\t\t\t\t\t\t\t\t<\/div>\n\t\t\t\t<\/div>\n\t\t\t\t\t<\/div>\n\t\t<\/div>\n\t\t\t\t<div class=\"elementor-column elementor-col-33 elementor-inner-column elementor-element elementor-element-c78013c obc-column\" data-id=\"c78013c\" data-element_type=\"column\" data-e-type=\"column\">\n\t\t\t<div class=\"elementor-widget-wrap elementor-element-populated\">\n\t\t\t\t\t\t<div class=\"elementor-element elementor-element-b757841 elementor-widget elementor-widget-text-editor\" data-id=\"b757841\" data-element_type=\"widget\" data-e-type=\"widget\" data-widget_type=\"text-editor.default\">\n\t\t\t\t<div class=\"elementor-widget-container\">\n\t\t\t\t\t\t\t\t\t<span class=\"green-arrow\">\u25ba<\/span>\t\t\t\t\t\t\t\t<\/div>\n\t\t\t\t<\/div>\n\t\t\t\t\t<\/div>\n\t\t<\/div>\n\t\t\t\t<div class=\"elementor-column elementor-col-33 elementor-inner-column elementor-element elementor-element-0e259b4 obc-column\" data-id=\"0e259b4\" data-element_type=\"column\" data-e-type=\"column\">\n\t\t\t<div class=\"elementor-widget-wrap elementor-element-populated\">\n\t\t\t\t\t\t<div class=\"elementor-element elementor-element-4d9ba89 elementor-widget elementor-widget-text-editor\" data-id=\"4d9ba89\" data-element_type=\"widget\" data-e-type=\"widget\" data-widget_type=\"text-editor.default\">\n\t\t\t\t<div class=\"elementor-widget-container\">\n\t\t\t\t\t\t\t\t\t<a href=\"https:\/\/cassandraprogram.info\/en\/media\/\">Explore!<span class=\"green-arrow\">\/<\/span>Media<\/a><span class=\"green-arrow\">\u25ba<\/span>Listen!\t\t\t\t\t\t\t\t<\/div>\n\t\t\t\t<\/div>\n\t\t\t\t\t<\/div>\n\t\t<\/div>\n\t\t\t\t\t<\/div>\n\t\t<\/section>\n\t\t\t\t<div class=\"elementor-element elementor-element-dc090d1 trigger-section elementor-widget elementor-widget-menu-anchor\" data-id=\"dc090d1\" data-element_type=\"widget\" data-e-type=\"widget\" data-widget_type=\"menu-anchor.default\">\n\t\t\t\t<div class=\"elementor-widget-container\">\n\t\t\t\t\t\t\t<div class=\"elementor-menu-anchor\" id=\"anchor-20142\"><\/div>\n\t\t\t\t\t\t<\/div>\n\t\t\t\t<\/div>\n\t\t\t\t<div class=\"elementor-element elementor-element-5e0d65f3 elementor-grid-3 elementor-grid-tablet-2 elementor-grid-mobile-1 elementor-posts--thumbnail-top elementor-card-shadow-yes elementor-posts__hover-gradient load-more-align-center elementor-widget elementor-widget-posts\" data-id=\"5e0d65f3\" data-element_type=\"widget\" data-e-type=\"widget\" data-settings=\"{&quot;pagination_type&quot;:&quot;load_more_on_click&quot;,&quot;cards_columns&quot;:&quot;3&quot;,&quot;cards_columns_tablet&quot;:&quot;2&quot;,&quot;cards_columns_mobile&quot;:&quot;1&quot;,&quot;cards_row_gap&quot;:{&quot;unit&quot;:&quot;px&quot;,&quot;size&quot;:35,&quot;sizes&quot;:[]},&quot;cards_row_gap_tablet&quot;:{&quot;unit&quot;:&quot;px&quot;,&quot;size&quot;:&quot;&quot;,&quot;sizes&quot;:[]},&quot;cards_row_gap_mobile&quot;:{&quot;unit&quot;:&quot;px&quot;,&quot;size&quot;:&quot;&quot;,&quot;sizes&quot;:[]},&quot;load_more_spinner&quot;:{&quot;value&quot;:&quot;fas fa-spinner&quot;,&quot;library&quot;:&quot;fa-solid&quot;}}\" data-widget_type=\"posts.cards\">\n\t\t\t\t<div class=\"elementor-widget-container\">\n\t\t\t\t\t\t\t<div class=\"elementor-posts-container elementor-posts elementor-posts--skin-cards elementor-grid\" role=\"list\">\n\t\t\t\t<article class=\"elementor-post elementor-grid-item post-20088 post type-post status-publish format-standard has-post-thumbnail hentry category-ember category-epitett-kornyezet category-eroforrasok category-gazdasag category-infrastruktura category-kolcsonhatasok category-komplexitas category-tarsadalmi-konfliktusok category-lelek category-mezogazdasag category-penzugyek category-tarsadalmi-rendszerek category-tarsadalom category-test category-viz bejegyzestipus-media mediatipus-audio nyelv-angol-nyelvu\" role=\"listitem\">\n\t\t\t<div class=\"elementor-post__card\">\n\t\t\t\t<a class=\"elementor-post__thumbnail__link\" href=\"https:\/\/cassandraprogram.info\/en\/building-up-resilience\/\" tabindex=\"-1\" ><div class=\"elementor-post__thumbnail\"><img loading=\"lazy\" decoding=\"async\" width=\"300\" height=\"300\" src=\"https:\/\/cassandraprogram.info\/wp-content\/uploads\/building-up-resilience-300x300.jpg\" class=\"attachment-medium size-medium wp-image-19525\" alt=\"Building Up: Resilience\" srcset=\"https:\/\/cassandraprogram.info\/wp-content\/uploads\/building-up-resilience.jpg 300w, https:\/\/cassandraprogram.info\/wp-content\/uploads\/building-up-resilience-150x150.jpg 150w\" sizes=\"auto, (max-width: 300px) 100vw, 300px\" \/><\/div><\/a>\n\t\t\t\t<div class=\"elementor-post__text\">\n\t\t\t\t<h3 class=\"elementor-post__title\">\n\t\t\t<a href=\"https:\/\/cassandraprogram.info\/en\/building-up-resilience\/\" >\n\t\t\t\tBuilding Up: Resilience\t\t\t<\/a>\n\t\t<\/h3>\n\t\t\t\t<div class=\"elementor-post__excerpt\">\n\t\t\t<p>Ahogy a t\u00e1rsadalom el\u0151tt \u00e1ll\u00f3 probl\u00e9m\u00e1k egyre s\u00falyosbodnak, Te is azon kaphod magad, hogy azt k\u00e9rdezed: \u201cMit tehetek, hogy felk\u00e9sz\u00edtsem magamat \u00e9s a csal\u00e1domat a<\/p>\n\t\t<\/div>\n\t\t\t\t\t<div class=\"elementor-post__read-more-wrapper\">\n\t\t\n\t\t<a class=\"elementor-post__read-more\" href=\"https:\/\/cassandraprogram.info\/en\/building-up-resilience\/\" aria-label=\"Read more about Building Up: Resilience\" tabindex=\"-1\" >\n\t\t\tMore \u00bb\t\t<\/a>\n\n\t\t\t\t\t<\/div>\n\t\t\t\t<\/div>\n\t\t\t\t\t<\/div>\n\t\t<\/article>\n\t\t\t\t<article class=\"elementor-post elementor-grid-item post-20089 post type-post status-publish format-standard has-post-thumbnail hentry category-ember category-eroforrasok category-gazdasag category-kolcsonhatasok category-tarsadalmi-konfliktusok category-kultura category-tarsadalmi-rendszerek category-tarsadalom category-tulfogyasztas bejegyzestipus-media mediatipus-audio nyelv-angol-nyelvu\" role=\"listitem\">\n\t\t\t<div class=\"elementor-post__card\">\n\t\t\t\t<a class=\"elementor-post__thumbnail__link\" href=\"https:\/\/cassandraprogram.info\/en\/what-could-go-possibly-right\/\" tabindex=\"-1\" ><div class=\"elementor-post__thumbnail\"><img loading=\"lazy\" decoding=\"async\" width=\"300\" height=\"300\" src=\"https:\/\/cassandraprogram.info\/wp-content\/uploads\/what-could-go-possibly-right-300x300.jpg\" class=\"attachment-medium size-medium wp-image-20090\" alt=\"What Could Go Possibly Right?\" srcset=\"https:\/\/cassandraprogram.info\/wp-content\/uploads\/what-could-go-possibly-right-300x300.jpg 300w, https:\/\/cassandraprogram.info\/wp-content\/uploads\/what-could-go-possibly-right-150x150.jpg 150w, https:\/\/cassandraprogram.info\/wp-content\/uploads\/what-could-go-possibly-right.jpg 512w\" sizes=\"auto, (max-width: 300px) 100vw, 300px\" \/><\/div><\/a>\n\t\t\t\t<div class=\"elementor-post__text\">\n\t\t\t\t<h3 class=\"elementor-post__title\">\n\t\t\t<a href=\"https:\/\/cassandraprogram.info\/en\/what-could-go-possibly-right\/\" >\n\t\t\t\tWhat Could Go Possibly Right?\t\t\t<\/a>\n\t\t<\/h3>\n\t\t\t\t<div class=\"elementor-post__excerpt\">\n\t\t\t<p>Egy izgalmas podcast arr\u00f3l, hogyan l\u00e9phetne az emberis\u00e9g egy jobb, fenntarthat\u00f3bb \u00fatra a v\u00e1rhat\u00f3 k\u00e1oszt k\u00f6vet\u0151en. \u00c9ghajlatv\u00e1ltoz\u00e1s, gazdas\u00e1gi igazs\u00e1gtalans\u00e1g, fenntarthatatlan \u00e9letsz\u00ednvonal&#8230; \u00fagy t\u0171nik, mostan\u00e1ban annyi<\/p>\n\t\t<\/div>\n\t\t\t\t\t<div class=\"elementor-post__read-more-wrapper\">\n\t\t\n\t\t<a class=\"elementor-post__read-more\" href=\"https:\/\/cassandraprogram.info\/en\/what-could-go-possibly-right\/\" aria-label=\"Read more about What Could Go Possibly Right?\" tabindex=\"-1\" >\n\t\t\tMore \u00bb\t\t<\/a>\n\n\t\t\t\t\t<\/div>\n\t\t\t\t<\/div>\n\t\t\t\t\t<\/div>\n\t\t<\/article>\n\t\t\t\t<article class=\"elementor-post elementor-grid-item post-20091 post type-post status-publish format-standard has-post-thumbnail hentry category-ember category-eroforrasok category-gazdasag category-kolcsonhatasok category-tarsadalmi-konfliktusok category-kultura category-lelek category-politika category-tarsadalmi-rendszerek category-tarsadalom category-technologiai-fejlodes category-test category-tulfogyasztas bejegyzestipus-media mediatipus-audio nyelv-angol-nyelvu\" role=\"listitem\">\n\t\t\t<div class=\"elementor-post__card\">\n\t\t\t\t<a class=\"elementor-post__thumbnail__link\" href=\"https:\/\/cassandraprogram.info\/en\/this-is-the-end-pop-culture-and-collapse\/\" tabindex=\"-1\" ><div class=\"elementor-post__thumbnail\"><img loading=\"lazy\" decoding=\"async\" width=\"300\" height=\"300\" src=\"https:\/\/cassandraprogram.info\/wp-content\/uploads\/this-is-the-end-pop-culture-and-collapse-300x300.jpg\" class=\"attachment-medium size-medium wp-image-20092\" alt=\"This is The End: Pop Culture and Collapse\" srcset=\"https:\/\/cassandraprogram.info\/wp-content\/uploads\/this-is-the-end-pop-culture-and-collapse-300x300.jpg 300w, https:\/\/cassandraprogram.info\/wp-content\/uploads\/this-is-the-end-pop-culture-and-collapse-150x150.jpg 150w, https:\/\/cassandraprogram.info\/wp-content\/uploads\/this-is-the-end-pop-culture-and-collapse.jpg 512w\" sizes=\"auto, (max-width: 300px) 100vw, 300px\" \/><\/div><\/a>\n\t\t\t\t<div class=\"elementor-post__text\">\n\t\t\t\t<h3 class=\"elementor-post__title\">\n\t\t\t<a href=\"https:\/\/cassandraprogram.info\/en\/this-is-the-end-pop-culture-and-collapse\/\" >\n\t\t\t\tThis is The End: Pop Culture and Collapse\t\t\t<\/a>\n\t\t<\/h3>\n\t\t\t\t<div class=\"elementor-post__excerpt\">\n\t\t\t<p>A 2020-as \u00e9vek eddig sokak sz\u00e1m\u00e1ra a fikt\u00edv \u00e9s a val\u00f3s diszt\u00f3pi\u00e1k, a rendszerszint\u0171 \u00e9s a szem\u00e9lyes \u00f6sszeoml\u00e1s metsz\u00e9spontj\u00e1nak t\u0171nt. Csatlakozz a popmitol\u00f3gushoz, aki a<\/p>\n\t\t<\/div>\n\t\t\t\t\t<div class=\"elementor-post__read-more-wrapper\">\n\t\t\n\t\t<a class=\"elementor-post__read-more\" href=\"https:\/\/cassandraprogram.info\/en\/this-is-the-end-pop-culture-and-collapse\/\" aria-label=\"Read more about This is The End: Pop Culture and Collapse\" tabindex=\"-1\" >\n\t\t\tMore \u00bb\t\t<\/a>\n\n\t\t\t\t\t<\/div>\n\t\t\t\t<\/div>\n\t\t\t\t\t<\/div>\n\t\t<\/article>\n\t\t\t\t<article class=\"elementor-post elementor-grid-item post-20093 post type-post status-publish format-standard has-post-thumbnail hentry category-ember category-energiatermeles category-fordulopontok category-gazdasag category-ipar category-kolcsonhatasok category-komplexitas category-lelek category-mezogazdasag category-non-linearitas category-okoszisztemak category-penzugyek category-tarsadalmi-rendszerek category-tarsadalom category-technologiai-fejlodes category-termeszeti-rendszerek category-test category-tulfogyasztas category-visszacsatolasok bejegyzestipus-media mediatipus-audio nyelv-angol-nyelvu\" role=\"listitem\">\n\t\t\t<div class=\"elementor-post__card\">\n\t\t\t\t<a class=\"elementor-post__thumbnail__link\" href=\"https:\/\/cassandraprogram.info\/en\/simplifying-complexity\/\" tabindex=\"-1\" ><div class=\"elementor-post__thumbnail\"><img loading=\"lazy\" decoding=\"async\" width=\"300\" height=\"300\" src=\"https:\/\/cassandraprogram.info\/wp-content\/uploads\/simplifying-complexity-300x300.jpg\" class=\"attachment-medium size-medium wp-image-20094\" alt=\"Simplifying Complexity\" srcset=\"https:\/\/cassandraprogram.info\/wp-content\/uploads\/simplifying-complexity-300x300.jpg 300w, https:\/\/cassandraprogram.info\/wp-content\/uploads\/simplifying-complexity-150x150.jpg 150w, https:\/\/cassandraprogram.info\/wp-content\/uploads\/simplifying-complexity.jpg 512w\" sizes=\"auto, (max-width: 300px) 100vw, 300px\" \/><\/div><\/a>\n\t\t\t\t<div class=\"elementor-post__text\">\n\t\t\t\t<h3 class=\"elementor-post__title\">\n\t\t\t<a href=\"https:\/\/cassandraprogram.info\/en\/simplifying-complexity\/\" >\n\t\t\t\tSimplifying Complexity\t\t\t<\/a>\n\t\t<\/h3>\n\t\t\t\t<div class=\"elementor-post__excerpt\">\n\t\t\t<p>A Simplifying Complexity egy podcast az \u00f6sszetett rendszerek alapelveir\u0151l, m\u0171k\u00f6d\u00e9s\u00e9r\u0151l \u00e9s viselked\u00e9s\u00e9r\u0151l. A m\u0171sorban a vil\u00e1g minden t\u00e1j\u00e1r\u00f3l \u00e9rkez\u0151 szak\u00e9rt\u0151 elm\u00e9kkel fedezz\u00fck fel a komplexit\u00e1studom\u00e1ny<\/p>\n\t\t<\/div>\n\t\t\t\t\t<div class=\"elementor-post__read-more-wrapper\">\n\t\t\n\t\t<a class=\"elementor-post__read-more\" href=\"https:\/\/cassandraprogram.info\/en\/simplifying-complexity\/\" aria-label=\"Read more about Simplifying Complexity\" tabindex=\"-1\" >\n\t\t\tMore \u00bb\t\t<\/a>\n\n\t\t\t\t\t<\/div>\n\t\t\t\t<\/div>\n\t\t\t\t\t<\/div>\n\t\t<\/article>\n\t\t\t\t<article class=\"elementor-post elementor-grid-item post-20095 post type-post status-publish format-standard has-post-thumbnail hentry category-edesvizi category-eghajlati-valtozasok category-ember category-energiatermeles category-epitett-kornyezet category-eroforrasok category-felszin-alatti-vizek category-felszini-vizek category-femek category-fordulopontok category-fosszilis-tuzeloanyagok category-gazdasag category-gleccserek category-idojarasi-szelsosegek category-infrastruktura category-ipar category-jeg category-kolcsonhatasok category-komplexitas category-tarsadalmi-konfliktusok category-kozlekedes category-kultura category-legkor category-lelek category-mezogazdasag category-nemfemes-nyersanyagok category-non-linearitas category-ocean category-oceani category-okoszisztemak category-penzugyek category-permafroszt category-politika category-szarazfoldi category-szolgaltatasok category-tarsadalmi-rendszerek category-tarsadalom category-technologiai-fejlodes category-tengerjeg category-termeszeti-rendszerek category-test category-tulfogyasztas category-visszacsatolasok category-viz bejegyzestipus-media mediatipus-audio nyelv-angol-nyelvu\" role=\"listitem\">\n\t\t\t<div class=\"elementor-post__card\">\n\t\t\t\t<a class=\"elementor-post__thumbnail__link\" href=\"https:\/\/cassandraprogram.info\/en\/resistance-radio\/\" tabindex=\"-1\" ><div class=\"elementor-post__thumbnail\"><img loading=\"lazy\" decoding=\"async\" width=\"225\" height=\"225\" src=\"https:\/\/cassandraprogram.info\/wp-content\/uploads\/resistance-radio.jpg\" class=\"attachment-medium size-medium wp-image-20096\" alt=\"Resistance Radio\" srcset=\"https:\/\/cassandraprogram.info\/wp-content\/uploads\/resistance-radio.jpg 225w, https:\/\/cassandraprogram.info\/wp-content\/uploads\/resistance-radio-150x150.jpg 150w\" sizes=\"auto, (max-width: 225px) 100vw, 225px\" \/><\/div><\/a>\n\t\t\t\t<div class=\"elementor-post__text\">\n\t\t\t\t<h3 class=\"elementor-post__title\">\n\t\t\t<a href=\"https:\/\/cassandraprogram.info\/en\/resistance-radio\/\" >\n\t\t\t\tResistance Radio\t\t\t<\/a>\n\t\t<\/h3>\n\t\t\t\t<div class=\"elementor-post__excerpt\">\n\t\t\t<p>A Resistance Radio podcast-ban Derrick Jensen olyan szenved\u00e9lyes aktivist\u00e1kkal besz\u00e9lget, akik akt\u00edvan r\u00e9szt vesznek az ellen\u00e1ll\u00e1s kult\u00far\u00e1j\u00e1nak megteremt\u00e9s\u00e9ben \u00e9s term\u00e9szeti \u00e9rt\u00e9keink v\u00e9delm\u00e9ben. Az elgondolkodtat\u00f3 eszmecser\u00e9k<\/p>\n\t\t<\/div>\n\t\t\t\t\t<div class=\"elementor-post__read-more-wrapper\">\n\t\t\n\t\t<a class=\"elementor-post__read-more\" href=\"https:\/\/cassandraprogram.info\/en\/resistance-radio\/\" aria-label=\"Read more about Resistance Radio\" tabindex=\"-1\" >\n\t\t\tMore \u00bb\t\t<\/a>\n\n\t\t\t\t\t<\/div>\n\t\t\t\t<\/div>\n\t\t\t\t\t<\/div>\n\t\t<\/article>\n\t\t\t\t<article class=\"elementor-post elementor-grid-item post-20097 post type-post status-publish format-standard has-post-thumbnail hentry category-ember category-energiatermeles category-epitett-kornyezet category-eroforrasok category-femek category-fordulopontok category-fosszilis-tuzeloanyagok category-gazdasag category-infrastruktura category-ipar category-kolcsonhatasok category-komplexitas category-tarsadalmi-konfliktusok category-kozlekedes category-kultura category-lelek category-mezogazdasag category-nemfemes-nyersanyagok category-non-linearitas category-penzugyek category-politika category-szolgaltatasok category-tarsadalmi-rendszerek category-tarsadalom category-technologiai-fejlodes category-termeszeti-rendszerek category-test category-tulfogyasztas category-visszacsatolasok bejegyzestipus-media mediatipus-audio nyelv-angol-nyelvu\" role=\"listitem\">\n\t\t\t<div class=\"elementor-post__card\">\n\t\t\t\t<a class=\"elementor-post__thumbnail__link\" href=\"https:\/\/cassandraprogram.info\/en\/quillwood-podcast\/\" tabindex=\"-1\" ><div class=\"elementor-post__thumbnail\"><img loading=\"lazy\" decoding=\"async\" width=\"300\" height=\"300\" src=\"https:\/\/cassandraprogram.info\/wp-content\/uploads\/quillwood-podcast-300x300.jpg\" class=\"attachment-medium size-medium wp-image-20098\" alt=\"Quillwood Podcast\" srcset=\"https:\/\/cassandraprogram.info\/wp-content\/uploads\/quillwood-podcast-300x300.jpg 300w, https:\/\/cassandraprogram.info\/wp-content\/uploads\/quillwood-podcast-150x150.jpg 150w, https:\/\/cassandraprogram.info\/wp-content\/uploads\/quillwood-podcast.jpg 512w\" sizes=\"auto, (max-width: 300px) 100vw, 300px\" \/><\/div><\/a>\n\t\t\t\t<div class=\"elementor-post__text\">\n\t\t\t\t<h3 class=\"elementor-post__title\">\n\t\t\t<a href=\"https:\/\/cassandraprogram.info\/en\/quillwood-podcast\/\" >\n\t\t\t\tQuillwood Podcast\t\t\t<\/a>\n\t\t<\/h3>\n\t\t\t\t<div class=\"elementor-post__excerpt\">\n\t\t\t<p>Ez szeml\u00e9letform\u00e1l\u00f3 podcast \u00e9rt\u00e9kes megl\u00e1t\u00e1sokat, gyakorlati tan\u00e1csokat \u00e9s szak\u00e9rt\u0151i n\u00e9z\u0151pontokat k\u00edn\u00e1l, azzal a c\u00e9llal, hogy seg\u00edtse a hallgat\u00f3kat abban, hogy sikeresen eligazodjanak a folyamatosan v\u00e1ltoz\u00f3<\/p>\n\t\t<\/div>\n\t\t\t\t\t<div class=\"elementor-post__read-more-wrapper\">\n\t\t\n\t\t<a class=\"elementor-post__read-more\" href=\"https:\/\/cassandraprogram.info\/en\/quillwood-podcast\/\" aria-label=\"Read more about Quillwood Podcast\" tabindex=\"-1\" >\n\t\t\tMore \u00bb\t\t<\/a>\n\n\t\t\t\t\t<\/div>\n\t\t\t\t<\/div>\n\t\t\t\t\t<\/div>\n\t\t<\/article>\n\t\t\t\t<\/div>\n\t\t\t\t\t<span class=\"e-load-more-spinner\">\n\t\t\t\t<i aria-hidden=\"true\" class=\"fas fa-spinner\"><\/i>\t\t\t<\/span>\n\t\t\n\t\t\t\t\t\t<\/div>\n\t\t\t\t<\/div>\n\t\t\t\t\t<\/div>\n\t\t<\/div>\n\t\t\t\t\t<\/div>\n\t\t<\/section>\n\t\t\t\t<\/div>\n\t\t","protected":false},"excerpt":{"rendered":"<p>Categories \ud83c\udfe0 \u25baExplore!\/Media\u25baListen!<\/p>\n","protected":false},"author":1,"featured_media":0,"parent":0,"menu_order":0,"comment_status":"closed","ping_status":"closed","template":"","meta":{"footnotes":""},"class_list":["post-20142","page","type-page","status-publish","hentry"],"_links":{"self":[{"href":"https:\/\/cassandraprogram.info\/en\/wp-json\/wp\/v2\/pages\/20142","targetHints":{"allow":["GET"]}}],"collection":[{"href":"https:\/\/cassandraprogram.info\/en\/wp-json\/wp\/v2\/pages"}],"about":[{"href":"https:\/\/cassandraprogram.info\/en\/wp-json\/wp\/v2\/types\/page"}],"author":[{"embeddable":true,"href":"https:\/\/cassandraprogram.info\/en\/wp-json\/wp\/v2\/users\/1"}],"replies":[{"embeddable":true,"href":"https:\/\/cassandraprogram.info\/en\/wp-json\/wp\/v2\/comments?post=20142"}],"version-history":[{"count":8,"href":"https:\/\/cassandraprogram.info\/en\/wp-json\/wp\/v2\/pages\/20142\/revisions"}],"predecessor-version":[{"id":20250,"href":"https:\/\/cassandraprogram.info\/en\/wp-json\/wp\/v2\/pages\/20142\/revisions\/20250"}],"wp:attachment":[{"href":"https:\/\/cassandraprogram.info\/en\/wp-json\/wp\/v2\/media?parent=20142"}],"curies":[{"name":"wp","href":"https:\/\/api.w.org\/{rel}","templated":true}]}}