{"id":20143,"date":"2022-07-14T14:45:11","date_gmt":"2022-07-14T12:45:11","guid":{"rendered":"https:\/\/cassandraprogram.info\/video-en\/"},"modified":"2026-02-02T02:22:42","modified_gmt":"2026-02-02T01:22:42","slug":"watch-en","status":"publish","type":"page","link":"https:\/\/cassandraprogram.info\/en\/watch-en\/","title":{"rendered":"Watch! &#8211; en"},"content":{"rendered":"\t\t<div data-elementor-type=\"wp-page\" data-elementor-id=\"20143\" class=\"elementor elementor-20143 elementor-1944\" data-elementor-post-type=\"page\">\n\t\t\t\t\t\t<section class=\"elementor-section elementor-top-section elementor-element elementor-element-3a2a7dea elementor-section-full_width elementor-section-height-min-height elementor-section-content-middle sub-header elementor-section-height-default elementor-section-items-middle\" data-id=\"3a2a7dea\" data-element_type=\"section\" data-e-type=\"section\" data-settings=\"{&quot;background_background&quot;:&quot;classic&quot;}\">\n\t\t\t\t\t\t\t<div class=\"elementor-background-overlay\"><\/div>\n\t\t\t\t\t\t\t<div class=\"elementor-container elementor-column-gap-default\">\n\t\t\t\t\t<div class=\"elementor-column elementor-col-50 elementor-top-column elementor-element elementor-element-3099804b\" data-id=\"3099804b\" data-element_type=\"column\" data-e-type=\"column\">\n\t\t\t<div class=\"elementor-widget-wrap elementor-element-populated\">\n\t\t\t\t\t\t\t<\/div>\n\t\t<\/div>\n\t\t\t\t<div class=\"elementor-column elementor-col-50 elementor-top-column elementor-element elementor-element-1a1987c0 elementor-hidden-mobile elementor-hidden-tablet\" data-id=\"1a1987c0\" data-element_type=\"column\" data-e-type=\"column\">\n\t\t\t<div class=\"elementor-widget-wrap elementor-element-populated\">\n\t\t\t\t\t\t<div class=\"elementor-element elementor-element-6d5dac79 elementor-widget elementor-widget-spacer\" data-id=\"6d5dac79\" data-element_type=\"widget\" data-e-type=\"widget\" data-widget_type=\"spacer.default\">\n\t\t\t\t<div class=\"elementor-widget-container\">\n\t\t\t\t\t\t\t<div class=\"elementor-spacer\">\n\t\t\t<div class=\"elementor-spacer-inner\"><\/div>\n\t\t<\/div>\n\t\t\t\t\t\t<\/div>\n\t\t\t\t<\/div>\n\t\t\t\t\t<\/div>\n\t\t<\/div>\n\t\t\t\t\t<\/div>\n\t\t<\/section>\n\t\t\t\t<section class=\"elementor-section elementor-top-section elementor-element elementor-element-e36fb85 elementor-section-height-min-height fit-section elementor-section-boxed elementor-section-height-default elementor-section-items-middle\" data-id=\"e36fb85\" data-element_type=\"section\" data-e-type=\"section\">\n\t\t\t\t\t\t<div class=\"elementor-container elementor-column-gap-no\">\n\t\t\t\t\t<div class=\"elementor-column elementor-col-100 elementor-top-column elementor-element elementor-element-c832461\" data-id=\"c832461\" data-element_type=\"column\" data-e-type=\"column\">\n\t\t\t<div class=\"elementor-widget-wrap elementor-element-populated\">\n\t\t\t\t\t\t<div class=\"elementor-element elementor-element-ccf7cf4 elementor-widget__width-auto category-trigger-1 e-transform elementor-widget elementor-widget-heading\" data-id=\"ccf7cf4\" data-element_type=\"widget\" data-e-type=\"widget\" data-settings=\"{&quot;_transform_rotateZ_effect&quot;:{&quot;unit&quot;:&quot;px&quot;,&quot;size&quot;:-90,&quot;sizes&quot;:[]},&quot;_transform_rotateZ_effect_tablet&quot;:{&quot;unit&quot;:&quot;deg&quot;,&quot;size&quot;:&quot;&quot;,&quot;sizes&quot;:[]},&quot;_transform_rotateZ_effect_mobile&quot;:{&quot;unit&quot;:&quot;deg&quot;,&quot;size&quot;:&quot;&quot;,&quot;sizes&quot;:[]}}\" data-widget_type=\"heading.default\">\n\t\t\t\t<div class=\"elementor-widget-container\">\n\t\t\t\t\t<h4 class=\"elementor-heading-title elementor-size-small\">Categories<\/h4>\t\t\t\t<\/div>\n\t\t\t\t<\/div>\n\t\t\t\t\t<\/div>\n\t\t<\/div>\n\t\t\t\t\t<\/div>\n\t\t<\/section>\n\t\t\t\t<section class=\"elementor-section elementor-top-section elementor-element elementor-element-3a58d447 elementor-section-boxed elementor-section-height-default elementor-section-height-default\" data-id=\"3a58d447\" data-element_type=\"section\" data-e-type=\"section\" data-settings=\"{&quot;background_background&quot;:&quot;classic&quot;}\">\n\t\t\t\t\t\t\t<div class=\"elementor-background-overlay\"><\/div>\n\t\t\t\t\t\t\t<div class=\"elementor-container elementor-column-gap-default\">\n\t\t\t\t\t<div class=\"elementor-column elementor-col-100 elementor-top-column elementor-element elementor-element-74576bcf\" data-id=\"74576bcf\" data-element_type=\"column\" data-e-type=\"column\">\n\t\t\t<div class=\"elementor-widget-wrap elementor-element-populated\">\n\t\t\t\t\t\t<section class=\"elementor-section elementor-inner-section elementor-element elementor-element-eeaa62f own-breadcrumb elementor-section-boxed elementor-section-height-default elementor-section-height-default\" data-id=\"eeaa62f\" data-element_type=\"section\" data-e-type=\"section\">\n\t\t\t\t\t\t<div class=\"elementor-container elementor-column-gap-default\">\n\t\t\t\t\t<div class=\"elementor-column elementor-col-33 elementor-inner-column elementor-element elementor-element-fd970a6 obc-column\" data-id=\"fd970a6\" data-element_type=\"column\" data-e-type=\"column\">\n\t\t\t<div class=\"elementor-widget-wrap elementor-element-populated\">\n\t\t\t\t\t\t<div class=\"elementor-element elementor-element-963a435 elementor-widget elementor-widget-text-editor\" data-id=\"963a435\" data-element_type=\"widget\" data-e-type=\"widget\" data-widget_type=\"text-editor.default\">\n\t\t\t\t<div class=\"elementor-widget-container\">\n\t\t\t\t\t\t\t\t\t<p><a href=\"https:\/\/cassandraprogram.info\/\">\ud83c\udfe0<\/a><\/p>\t\t\t\t\t\t\t\t<\/div>\n\t\t\t\t<\/div>\n\t\t\t\t\t<\/div>\n\t\t<\/div>\n\t\t\t\t<div class=\"elementor-column elementor-col-33 elementor-inner-column elementor-element elementor-element-4a64932 obc-column\" data-id=\"4a64932\" data-element_type=\"column\" data-e-type=\"column\">\n\t\t\t<div class=\"elementor-widget-wrap elementor-element-populated\">\n\t\t\t\t\t\t<div class=\"elementor-element elementor-element-9a39f71 elementor-widget elementor-widget-text-editor\" data-id=\"9a39f71\" data-element_type=\"widget\" data-e-type=\"widget\" data-widget_type=\"text-editor.default\">\n\t\t\t\t<div class=\"elementor-widget-container\">\n\t\t\t\t\t\t\t\t\t<span class=\"green-arrow\">\u25ba<\/span>\t\t\t\t\t\t\t\t<\/div>\n\t\t\t\t<\/div>\n\t\t\t\t\t<\/div>\n\t\t<\/div>\n\t\t\t\t<div class=\"elementor-column elementor-col-33 elementor-inner-column elementor-element elementor-element-dc4c3ee obc-column\" data-id=\"dc4c3ee\" data-element_type=\"column\" data-e-type=\"column\">\n\t\t\t<div class=\"elementor-widget-wrap\">\n\t\t\t\t\t\t\t<\/div>\n\t\t<\/div>\n\t\t\t\t\t<\/div>\n\t\t<\/section>\n\t\t\t\t<div class=\"elementor-element elementor-element-bb82042 elementor-widget elementor-widget-text-editor\" data-id=\"bb82042\" data-element_type=\"widget\" data-e-type=\"widget\" data-widget_type=\"text-editor.default\">\n\t\t\t\t<div class=\"elementor-widget-container\">\n\t\t\t\t\t\t\t\t\t<a href=\"https:\/\/cassandraprogram.info\/en\/media\/\">Explore!<span class=\"green-arrow\">\/<\/span>Media<\/a><span class=\"green-arrow\">\u25ba<\/span>Watch!\t\t\t\t\t\t\t\t<\/div>\n\t\t\t\t<\/div>\n\t\t\t\t<div class=\"elementor-element elementor-element-556f098 trigger-section elementor-widget elementor-widget-menu-anchor\" data-id=\"556f098\" data-element_type=\"widget\" data-e-type=\"widget\" data-widget_type=\"menu-anchor.default\">\n\t\t\t\t<div class=\"elementor-widget-container\">\n\t\t\t\t\t\t\t<div class=\"elementor-menu-anchor\" id=\"anchor-20143\"><\/div>\n\t\t\t\t\t\t<\/div>\n\t\t\t\t<\/div>\n\t\t\t\t<div class=\"elementor-element elementor-element-89de02a elementor-grid-3 elementor-grid-tablet-2 elementor-grid-mobile-1 elementor-posts--thumbnail-top elementor-card-shadow-yes elementor-posts__hover-gradient load-more-align-center elementor-widget elementor-widget-posts\" data-id=\"89de02a\" data-element_type=\"widget\" data-e-type=\"widget\" data-settings=\"{&quot;pagination_type&quot;:&quot;load_more_on_click&quot;,&quot;cards_columns&quot;:&quot;3&quot;,&quot;cards_columns_tablet&quot;:&quot;2&quot;,&quot;cards_columns_mobile&quot;:&quot;1&quot;,&quot;cards_row_gap&quot;:{&quot;unit&quot;:&quot;px&quot;,&quot;size&quot;:35,&quot;sizes&quot;:[]},&quot;cards_row_gap_tablet&quot;:{&quot;unit&quot;:&quot;px&quot;,&quot;size&quot;:&quot;&quot;,&quot;sizes&quot;:[]},&quot;cards_row_gap_mobile&quot;:{&quot;unit&quot;:&quot;px&quot;,&quot;size&quot;:&quot;&quot;,&quot;sizes&quot;:[]},&quot;load_more_spinner&quot;:{&quot;value&quot;:&quot;fas fa-spinner&quot;,&quot;library&quot;:&quot;fa-solid&quot;}}\" data-widget_type=\"posts.cards\">\n\t\t\t\t<div class=\"elementor-widget-container\">\n\t\t\t\t\t\t\t<div class=\"elementor-posts-container elementor-posts elementor-posts--skin-cards elementor-grid\" role=\"list\">\n\t\t\t\t<article class=\"elementor-post elementor-grid-item post-20076 post type-post status-publish format-standard has-post-thumbnail hentry category-ember category-energiatermeles category-epitett-kornyezet category-eroforrasok category-femek category-fordulopontok category-fosszilis-tuzeloanyagok category-gazdasag category-infrastruktura category-ipar category-kolcsonhatasok category-komplexitas category-kozlekedes category-legkor category-mezogazdasag category-nemfemes-nyersanyagok category-non-linearitas category-ocean category-tarsadalmi-rendszerek category-tarsadalom category-technologiai-fejlodes category-termeszeti-rendszerek category-tulfogyasztas category-visszacsatolasok category-viz tag-blip bejegyzestipus-media mediatipus-video nyelv-angol-nyelvu nyelv-hun-sub\" role=\"listitem\">\n\t\t\t<div class=\"elementor-post__card\">\n\t\t\t\t<a class=\"elementor-post__thumbnail__link\" href=\"https:\/\/cassandraprogram.info\/en\/blip-az-emberiseg-300-eves-kalandja-az-ipari-civilizacioval\/\" tabindex=\"-1\" ><div class=\"elementor-post__thumbnail\"><img loading=\"lazy\" decoding=\"async\" width=\"300\" height=\"225\" src=\"https:\/\/cassandraprogram.info\/wp-content\/uploads\/2025\/06\/hqdefault1-300x225.jpg\" class=\"attachment-medium size-medium wp-image-20077\" alt=\"Blip - az emberis\u00e9g 300 \u00e9ves kalandja az ipari civiliz\u00e1ci\u00f3val\" srcset=\"https:\/\/cassandraprogram.info\/wp-content\/uploads\/2025\/06\/hqdefault1-300x225.jpg 300w, https:\/\/cassandraprogram.info\/wp-content\/uploads\/2025\/06\/hqdefault1.jpg 480w\" sizes=\"auto, (max-width: 300px) 100vw, 300px\" \/><\/div><\/a>\n\t\t\t\t<div class=\"elementor-post__text\">\n\t\t\t\t<h3 class=\"elementor-post__title\">\n\t\t\t<a href=\"https:\/\/cassandraprogram.info\/en\/blip-az-emberiseg-300-eves-kalandja-az-ipari-civilizacioval\/\" >\n\t\t\t\tBlip &#8211; az emberis\u00e9g 300 \u00e9ves kalandja az ipari civiliz\u00e1ci\u00f3val\t\t\t<\/a>\n\t\t<\/h3>\n\t\t\t\t<div class=\"elementor-post__excerpt\">\n\t\t\t<p>Ez a r\u00f6vid vide\u00f3 a civiliz\u00e1lt \u00e9letm\u00f3dunkr\u00f3l sz\u00f3l. Arr\u00f3l az \u00e9letform\u00e1r\u00f3l, amit mi, a jelen kor emberei, k\u00fcl\u00f6n\u00f6sen a fejlett nyugati vil\u00e1gban \u00e9l\u0151k, teljesen term\u00e9szetesnek<\/p>\n\t\t<\/div>\n\t\t\t\t\t<div class=\"elementor-post__read-more-wrapper\">\n\t\t\n\t\t<a class=\"elementor-post__read-more\" href=\"https:\/\/cassandraprogram.info\/en\/blip-az-emberiseg-300-eves-kalandja-az-ipari-civilizacioval\/\" aria-label=\"Read more about Blip &#8211; az emberis\u00e9g 300 \u00e9ves kalandja az ipari civiliz\u00e1ci\u00f3val\" tabindex=\"-1\" >\n\t\t\tMore \u00bb\t\t<\/a>\n\n\t\t\t\t\t<\/div>\n\t\t\t\t<\/div>\n\t\t\t\t\t<\/div>\n\t\t<\/article>\n\t\t\t\t<article class=\"elementor-post elementor-grid-item post-20078 post type-post status-publish format-standard has-post-thumbnail hentry category-ember category-eroforrasok category-gazdasag category-infrastruktura category-tarsadalom category-termeszeti-rendszerek tag-kate-raworth tag-stockholm-impact-week bejegyzestipus-media forraskategoria-tarsadalmi-rendszerek mediatipus-video nyelv-angol-nyelvu\" role=\"listitem\">\n\t\t\t<div class=\"elementor-post__card\">\n\t\t\t\t<a class=\"elementor-post__thumbnail__link\" href=\"https:\/\/cassandraprogram.info\/en\/kate-raworth-how-radical-ideas-can-turn-into-transformative-practice-stockholm-impact-week-2023\/\" tabindex=\"-1\" ><div class=\"elementor-post__thumbnail\"><img loading=\"lazy\" decoding=\"async\" width=\"300\" height=\"225\" src=\"https:\/\/cassandraprogram.info\/wp-content\/uploads\/2023\/11\/hqdefault1-67-300x225.jpg\" class=\"attachment-medium size-medium wp-image-20079\" alt=\"Kate Raworth - How radical ideas can turn into transformative practice - Stockholm Impact Week 2023\" srcset=\"https:\/\/cassandraprogram.info\/wp-content\/uploads\/2023\/11\/hqdefault1-67-300x225.jpg 300w, https:\/\/cassandraprogram.info\/wp-content\/uploads\/2023\/11\/hqdefault1-67.jpg 480w\" sizes=\"auto, (max-width: 300px) 100vw, 300px\" \/><\/div><\/a>\n\t\t\t\t<div class=\"elementor-post__text\">\n\t\t\t\t<h3 class=\"elementor-post__title\">\n\t\t\t<a href=\"https:\/\/cassandraprogram.info\/en\/kate-raworth-how-radical-ideas-can-turn-into-transformative-practice-stockholm-impact-week-2023\/\" >\n\t\t\t\tKate Raworth &#8211; How radical ideas can turn into transformative practice  &#8211; Stockholm Impact Week 2023\t\t\t<\/a>\n\t\t<\/h3>\n\t\t\t\t<div class=\"elementor-post__excerpt\">\n\t\t\t<p>A \u201cF\u00e1nk-gazdas\u00e1gtan: Hogyan v\u00e1lhatnak a radik\u00e1lis \u00f6tletek \u00e1talak\u00edt\u00f3 gyakorlatt\u00e1?\u201d Kate Raworth, szerz\u0151 \u00e9s a Doughnut Economics Action Lab t\u00e1rsalap\u00edt\u00f3j\u00e1nak el\u0151ad\u00e1sa. \u00c9l\u0151ben felv\u00e9ve a Stockholm Impact<\/p>\n\t\t<\/div>\n\t\t\t\t\t<div class=\"elementor-post__read-more-wrapper\">\n\t\t\n\t\t<a class=\"elementor-post__read-more\" href=\"https:\/\/cassandraprogram.info\/en\/kate-raworth-how-radical-ideas-can-turn-into-transformative-practice-stockholm-impact-week-2023\/\" aria-label=\"Read more about Kate Raworth &#8211; How radical ideas can turn into transformative practice  &#8211; Stockholm Impact Week 2023\" tabindex=\"-1\" >\n\t\t\tMore \u00bb\t\t<\/a>\n\n\t\t\t\t\t<\/div>\n\t\t\t\t<\/div>\n\t\t\t\t\t<\/div>\n\t\t<\/article>\n\t\t\t\t<article class=\"elementor-post elementor-grid-item post-20080 post type-post status-publish format-standard has-post-thumbnail hentry category-energiatermeles category-epitett-kornyezet category-eroforrasok category-femek category-fosszilis-tuzeloanyagok category-gazdasag category-infrastruktura category-ipar category-kozlekedes category-nemfemes-nyersanyagok category-politika category-tarsadalom category-technologiai-fejlodes category-tulfogyasztas tag-olivia-lazard tag-stockholm-impact-week bejegyzestipus-media forraskategoria-tarsadalmi-rendszerek mediatipus-video nyelv-angol-nyelvu\" role=\"listitem\">\n\t\t\t<div class=\"elementor-post__card\">\n\t\t\t\t<a class=\"elementor-post__thumbnail__link\" href=\"https:\/\/cassandraprogram.info\/en\/olivia-lazard-the-blind-spots-of-the-energy-transition-stockholm-impact-week-2023\/\" tabindex=\"-1\" ><div class=\"elementor-post__thumbnail\"><img loading=\"lazy\" decoding=\"async\" width=\"300\" height=\"225\" src=\"https:\/\/cassandraprogram.info\/wp-content\/uploads\/2023\/11\/hqdefault1-66-300x225.jpg\" class=\"attachment-medium size-medium wp-image-20081\" alt=\"Olivia Lazard - The blind spots of the energy transition - Stockholm Impact Week 2023\" srcset=\"https:\/\/cassandraprogram.info\/wp-content\/uploads\/2023\/11\/hqdefault1-66-300x225.jpg 300w, https:\/\/cassandraprogram.info\/wp-content\/uploads\/2023\/11\/hqdefault1-66.jpg 480w\" sizes=\"auto, (max-width: 300px) 100vw, 300px\" \/><\/div><\/a>\n\t\t\t\t<div class=\"elementor-post__text\">\n\t\t\t\t<h3 class=\"elementor-post__title\">\n\t\t\t<a href=\"https:\/\/cassandraprogram.info\/en\/olivia-lazard-the-blind-spots-of-the-energy-transition-stockholm-impact-week-2023\/\" >\n\t\t\t\tOlivia Lazard &#8211; The blind spots of the energy transition &#8211; Stockholm Impact Week 2023\t\t\t<\/a>\n\t\t<\/h3>\n\t\t\t\t<div class=\"elementor-post__excerpt\">\n\t\t\t<p>\u201cAz energetikai \u00e1t\u00e1ll\u00e1s vakfoltjai\u200d\u201d Olivia Lazard, a Carnegie Europe munkat\u00e1rs\u00e1nak el\u0151ad\u00e1sa. \u00c9l\u0151ben felv\u00e9ve a Stockholm Impact Week 2023 rendezv\u00e9nyen. A Stockholm Impact Week a Norrsken<\/p>\n\t\t<\/div>\n\t\t\t\t\t<div class=\"elementor-post__read-more-wrapper\">\n\t\t\n\t\t<a class=\"elementor-post__read-more\" href=\"https:\/\/cassandraprogram.info\/en\/olivia-lazard-the-blind-spots-of-the-energy-transition-stockholm-impact-week-2023\/\" aria-label=\"Read more about Olivia Lazard &#8211; The blind spots of the energy transition &#8211; Stockholm Impact Week 2023\" tabindex=\"-1\" >\n\t\t\tMore \u00bb\t\t<\/a>\n\n\t\t\t\t\t<\/div>\n\t\t\t\t<\/div>\n\t\t\t\t\t<\/div>\n\t\t<\/article>\n\t\t\t\t<article class=\"elementor-post elementor-grid-item post-20082 post type-post status-publish format-standard has-post-thumbnail hentry category-ember category-gazdasag category-infrastruktura category-tarsadalmi-konfliktusok category-kultura category-lelek category-politika category-tarsadalom category-technologiai-fejlodes category-termeszeti-rendszerek category-test category-tulfogyasztas tag-daniel-schmachtenberger tag-stockholm-impact-week bejegyzestipus-media forraskategoria-tarsadalmi-rendszerek mediatipus-video nyelv-angol-nyelvu\" role=\"listitem\">\n\t\t\t<div class=\"elementor-post__card\">\n\t\t\t\t<a class=\"elementor-post__thumbnail__link\" href=\"https:\/\/cassandraprogram.info\/en\/daniel-schmachtenberger-an-introduction-to-the-metacrisis-stockholm-impact-week-2023\/\" tabindex=\"-1\" ><div class=\"elementor-post__thumbnail\"><img loading=\"lazy\" decoding=\"async\" width=\"300\" height=\"225\" src=\"https:\/\/cassandraprogram.info\/wp-content\/uploads\/2023\/11\/hqdefault1-65-300x225.jpg\" class=\"attachment-medium size-medium wp-image-20083\" alt=\"Daniel Schmachtenberger - An introduction to the Metacrisis - Stockholm Impact Week 2023\" srcset=\"https:\/\/cassandraprogram.info\/wp-content\/uploads\/2023\/11\/hqdefault1-65-300x225.jpg 300w, https:\/\/cassandraprogram.info\/wp-content\/uploads\/2023\/11\/hqdefault1-65.jpg 480w\" sizes=\"auto, (max-width: 300px) 100vw, 300px\" \/><\/div><\/a>\n\t\t\t\t<div class=\"elementor-post__text\">\n\t\t\t\t<h3 class=\"elementor-post__title\">\n\t\t\t<a href=\"https:\/\/cassandraprogram.info\/en\/daniel-schmachtenberger-an-introduction-to-the-metacrisis-stockholm-impact-week-2023\/\" >\n\t\t\t\tDaniel Schmachtenberger &#8211; An introduction to the Metacrisis &#8211; Stockholm Impact Week 2023\t\t\t<\/a>\n\t\t<\/h3>\n\t\t\t\t<div class=\"elementor-post__excerpt\">\n\t\t\t<p>A \u201cBevezet\u00e9s a Metakr\u00edzisbe\u201d Daniel Schmachtenberger, a Consilience Project alap\u00edt\u00f3 tagj\u00e1nak el\u0151ad\u00e1sa. Moder\u00e1tor: Niklas Adalberth, a Norrsken Alap\u00edtv\u00e1ny alap\u00edt\u00f3ja. \u00c9l\u0151ben felv\u00e9ve a Stockholm Impact Week<\/p>\n\t\t<\/div>\n\t\t\t\t\t<div class=\"elementor-post__read-more-wrapper\">\n\t\t\n\t\t<a class=\"elementor-post__read-more\" href=\"https:\/\/cassandraprogram.info\/en\/daniel-schmachtenberger-an-introduction-to-the-metacrisis-stockholm-impact-week-2023\/\" aria-label=\"Read more about Daniel Schmachtenberger &#8211; An introduction to the Metacrisis &#8211; Stockholm Impact Week 2023\" tabindex=\"-1\" >\n\t\t\tMore \u00bb\t\t<\/a>\n\n\t\t\t\t\t<\/div>\n\t\t\t\t<\/div>\n\t\t\t\t\t<\/div>\n\t\t<\/article>\n\t\t\t\t<article class=\"elementor-post elementor-grid-item post-20084 post type-post status-publish format-standard has-post-thumbnail hentry category-eghajlati-valtozasok category-ember category-energiatermeles category-eroforrasok category-femek category-fordulopontok category-fosszilis-tuzeloanyagok category-gazdasag category-idojarasi-szelsosegek category-infrastruktura category-ipar category-jeg category-kolcsonhatasok category-komplexitas category-tarsadalmi-konfliktusok category-kultura category-legkor category-mezogazdasag category-nemfemes-nyersanyagok category-non-linearitas category-okoszisztemak category-penzugyek category-politika category-szolgaltatasok category-tarsadalom category-technologiai-fejlodes category-termeszeti-rendszerek category-tulfogyasztas category-visszacsatolasok category-viz tag-nate-hagens tag-stockholm-impact-week bejegyzestipus-media forraskategoria-tarsadalmi-rendszerek mediatipus-video nyelv-angol-nyelvu\" role=\"listitem\">\n\t\t\t<div class=\"elementor-post__card\">\n\t\t\t\t<a class=\"elementor-post__thumbnail__link\" href=\"https:\/\/cassandraprogram.info\/en\/nate-hagens-the-superorganism-and-the-future-stockholm-impact-week-2023\/\" tabindex=\"-1\" ><div class=\"elementor-post__thumbnail\"><img loading=\"lazy\" decoding=\"async\" width=\"300\" height=\"225\" src=\"https:\/\/cassandraprogram.info\/wp-content\/uploads\/2023\/11\/hqdefault1-64-300x225.jpg\" class=\"attachment-medium size-medium wp-image-20085\" alt=\"Nate Hagens - The Superorganism and the future - Stockholm Impact Week 2023\" srcset=\"https:\/\/cassandraprogram.info\/wp-content\/uploads\/2023\/11\/hqdefault1-64-300x225.jpg 300w, https:\/\/cassandraprogram.info\/wp-content\/uploads\/2023\/11\/hqdefault1-64.jpg 480w\" sizes=\"auto, (max-width: 300px) 100vw, 300px\" \/><\/div><\/a>\n\t\t\t\t<div class=\"elementor-post__text\">\n\t\t\t\t<h3 class=\"elementor-post__title\">\n\t\t\t<a href=\"https:\/\/cassandraprogram.info\/en\/nate-hagens-the-superorganism-and-the-future-stockholm-impact-week-2023\/\" >\n\t\t\t\tNate Hagens &#8211; The Superorganism and the future &#8211; Stockholm Impact Week 2023\t\t\t<\/a>\n\t\t<\/h3>\n\t\t\t\t<div class=\"elementor-post__excerpt\">\n\t\t\t<p>\u201cA szuperorganizmus \u00e9s a j\u00f6v\u0151\u201d\u200d Nate Hagens, az Institute for the Study of Energy &amp; Our Future igazgat\u00f3j\u00e1nak, a Great Simplification podcast h\u00e1zigazd\u00e1j\u00e1nak el\u0151ad\u00e1sa. \u00c9l\u0151ben<\/p>\n\t\t<\/div>\n\t\t\t\t\t<div class=\"elementor-post__read-more-wrapper\">\n\t\t\n\t\t<a class=\"elementor-post__read-more\" href=\"https:\/\/cassandraprogram.info\/en\/nate-hagens-the-superorganism-and-the-future-stockholm-impact-week-2023\/\" aria-label=\"Read more about Nate Hagens &#8211; The Superorganism and the future &#8211; Stockholm Impact Week 2023\" tabindex=\"-1\" >\n\t\t\tMore \u00bb\t\t<\/a>\n\n\t\t\t\t\t<\/div>\n\t\t\t\t<\/div>\n\t\t\t\t\t<\/div>\n\t\t<\/article>\n\t\t\t\t<article class=\"elementor-post elementor-grid-item post-20086 post type-post status-publish format-standard has-post-thumbnail hentry category-fordulopontok category-gleccserek category-jeg category-kolcsonhatasok category-komplexitas category-legkor category-non-linearitas category-ocean category-okoszisztemak category-tengerjeg category-termeszeti-rendszerek category-visszacsatolasok category-viz tag-dave-borlace tag-just-have-a-think bejegyzestipus-media mediatipus-video nyelv-angol-nyelvu\" role=\"listitem\">\n\t\t\t<div class=\"elementor-post__card\">\n\t\t\t\t<a class=\"elementor-post__thumbnail__link\" href=\"https:\/\/cassandraprogram.info\/en\/we-need-to-talk-about-antarctica-again\/\" tabindex=\"-1\" ><div class=\"elementor-post__thumbnail\"><img loading=\"lazy\" decoding=\"async\" width=\"300\" height=\"225\" src=\"https:\/\/cassandraprogram.info\/wp-content\/uploads\/2023\/11\/hqdefault1-63-300x225.jpg\" class=\"attachment-medium size-medium wp-image-20087\" alt=\"We need to talk about ANTARCTICA\u2026 AGAIN!\" srcset=\"https:\/\/cassandraprogram.info\/wp-content\/uploads\/2023\/11\/hqdefault1-63-300x225.jpg 300w, https:\/\/cassandraprogram.info\/wp-content\/uploads\/2023\/11\/hqdefault1-63.jpg 480w\" sizes=\"auto, (max-width: 300px) 100vw, 300px\" \/><\/div><\/a>\n\t\t\t\t<div class=\"elementor-post__text\">\n\t\t\t\t<h3 class=\"elementor-post__title\">\n\t\t\t<a href=\"https:\/\/cassandraprogram.info\/en\/we-need-to-talk-about-antarctica-again\/\" >\n\t\t\t\tWe need to talk about ANTARCTICA\u2026 AGAIN!\t\t\t<\/a>\n\t\t<\/h3>\n\t\t\t\t<div class=\"elementor-post__excerpt\">\n\t\t\t<p>Az \u00f3ce\u00e1nok glob\u00e1lis felsz\u00edni h\u0151m\u00e9rs\u00e9klete olyan magas, hogy az \u00e9ghajlatkutat\u00f3k &#8220;a rekordokat meghalad\u00f3nak&#8221; nevezik azt. A 2023. szeptemberi glob\u00e1lis felsz\u00edni \u00e1tlagh\u0151m\u00e9rs\u00e9klet megd\u00f6nt\u00f6tte a kor\u00e1bbi rekordot,<\/p>\n\t\t<\/div>\n\t\t\t\t\t<div class=\"elementor-post__read-more-wrapper\">\n\t\t\n\t\t<a class=\"elementor-post__read-more\" href=\"https:\/\/cassandraprogram.info\/en\/we-need-to-talk-about-antarctica-again\/\" aria-label=\"Read more about We need to talk about ANTARCTICA\u2026 AGAIN!\" tabindex=\"-1\" >\n\t\t\tMore \u00bb\t\t<\/a>\n\n\t\t\t\t\t<\/div>\n\t\t\t\t<\/div>\n\t\t\t\t\t<\/div>\n\t\t<\/article>\n\t\t\t\t<\/div>\n\t\t\t\t\t<span class=\"e-load-more-spinner\">\n\t\t\t\t<i aria-hidden=\"true\" class=\"fas fa-spinner\"><\/i>\t\t\t<\/span>\n\t\t\n\t\t\t\t\t\t<\/div>\n\t\t\t\t<\/div>\n\t\t\t\t\t<\/div>\n\t\t<\/div>\n\t\t\t\t\t<\/div>\n\t\t<\/section>\n\t\t\t\t<\/div>\n\t\t","protected":false},"excerpt":{"rendered":"<p>Categories \ud83c\udfe0 \u25baExplore!\/Media\u25baWatch!<\/p>\n","protected":false},"author":1,"featured_media":0,"parent":0,"menu_order":0,"comment_status":"closed","ping_status":"closed","template":"","meta":{"footnotes":""},"class_list":["post-20143","page","type-page","status-publish","hentry"],"_links":{"self":[{"href":"https:\/\/cassandraprogram.info\/en\/wp-json\/wp\/v2\/pages\/20143","targetHints":{"allow":["GET"]}}],"collection":[{"href":"https:\/\/cassandraprogram.info\/en\/wp-json\/wp\/v2\/pages"}],"about":[{"href":"https:\/\/cassandraprogram.info\/en\/wp-json\/wp\/v2\/types\/page"}],"author":[{"embeddable":true,"href":"https:\/\/cassandraprogram.info\/en\/wp-json\/wp\/v2\/users\/1"}],"replies":[{"embeddable":true,"href":"https:\/\/cassandraprogram.info\/en\/wp-json\/wp\/v2\/comments?post=20143"}],"version-history":[{"count":12,"href":"https:\/\/cassandraprogram.info\/en\/wp-json\/wp\/v2\/pages\/20143\/revisions"}],"predecessor-version":[{"id":20238,"href":"https:\/\/cassandraprogram.info\/en\/wp-json\/wp\/v2\/pages\/20143\/revisions\/20238"}],"wp:attachment":[{"href":"https:\/\/cassandraprogram.info\/en\/wp-json\/wp\/v2\/media?parent=20143"}],"curies":[{"name":"wp","href":"https:\/\/api.w.org\/{rel}","templated":true}]}}