{"id":20145,"date":"2023-01-03T21:29:14","date_gmt":"2023-01-03T20:29:14","guid":{"rendered":"https:\/\/cassandraprogram.info\/felkeszules-en\/"},"modified":"2026-02-02T02:11:18","modified_gmt":"2026-02-02T01:11:18","slug":"preparedness-en","status":"publish","type":"page","link":"https:\/\/cassandraprogram.info\/en\/preparedness-en\/","title":{"rendered":"Preparedness &#8211; en"},"content":{"rendered":"\t\t<div data-elementor-type=\"wp-page\" data-elementor-id=\"20145\" class=\"elementor elementor-20145 elementor-6678\" data-elementor-post-type=\"page\">\n\t\t\t\t\t\t<section class=\"elementor-section elementor-top-section elementor-element elementor-element-4aec9f46 elementor-section-full_width elementor-section-height-min-height elementor-section-content-middle sub-header elementor-section-height-default elementor-section-items-middle\" data-id=\"4aec9f46\" data-element_type=\"section\" data-e-type=\"section\" data-settings=\"{&quot;background_background&quot;:&quot;classic&quot;}\">\n\t\t\t\t\t\t\t<div class=\"elementor-background-overlay\"><\/div>\n\t\t\t\t\t\t\t<div class=\"elementor-container elementor-column-gap-default\">\n\t\t\t\t\t<div class=\"elementor-column elementor-col-50 elementor-top-column elementor-element elementor-element-7031d57e\" data-id=\"7031d57e\" data-element_type=\"column\" data-e-type=\"column\">\n\t\t\t<div class=\"elementor-widget-wrap elementor-element-populated\">\n\t\t\t\t\t\t\t<\/div>\n\t\t<\/div>\n\t\t\t\t<div class=\"elementor-column elementor-col-50 elementor-top-column elementor-element elementor-element-29c85b86 elementor-hidden-mobile elementor-hidden-tablet\" data-id=\"29c85b86\" data-element_type=\"column\" data-e-type=\"column\">\n\t\t\t<div class=\"elementor-widget-wrap elementor-element-populated\">\n\t\t\t\t\t\t<div class=\"elementor-element elementor-element-3e95140a elementor-widget elementor-widget-spacer\" data-id=\"3e95140a\" data-element_type=\"widget\" data-e-type=\"widget\" data-widget_type=\"spacer.default\">\n\t\t\t\t<div class=\"elementor-widget-container\">\n\t\t\t\t\t\t\t<div class=\"elementor-spacer\">\n\t\t\t<div class=\"elementor-spacer-inner\"><\/div>\n\t\t<\/div>\n\t\t\t\t\t\t<\/div>\n\t\t\t\t<\/div>\n\t\t\t\t\t<\/div>\n\t\t<\/div>\n\t\t\t\t\t<\/div>\n\t\t<\/section>\n\t\t\t\t<section class=\"elementor-section elementor-top-section elementor-element elementor-element-ce1a5c1 elementor-section-height-min-height fit-section elementor-section-boxed elementor-section-height-default elementor-section-items-middle\" data-id=\"ce1a5c1\" data-element_type=\"section\" data-e-type=\"section\">\n\t\t\t\t\t\t<div class=\"elementor-container elementor-column-gap-no\">\n\t\t\t\t\t<div class=\"elementor-column elementor-col-100 elementor-top-column elementor-element elementor-element-b85b889\" data-id=\"b85b889\" data-element_type=\"column\" data-e-type=\"column\">\n\t\t\t<div class=\"elementor-widget-wrap elementor-element-populated\">\n\t\t\t\t\t\t<div class=\"elementor-element elementor-element-dd23539 elementor-widget__width-auto category-trigger-3 e-transform elementor-widget elementor-widget-heading\" data-id=\"dd23539\" data-element_type=\"widget\" data-e-type=\"widget\" data-settings=\"{&quot;_transform_rotateZ_effect&quot;:{&quot;unit&quot;:&quot;px&quot;,&quot;size&quot;:-90,&quot;sizes&quot;:[]},&quot;_transform_rotateZ_effect_tablet&quot;:{&quot;unit&quot;:&quot;deg&quot;,&quot;size&quot;:&quot;&quot;,&quot;sizes&quot;:[]},&quot;_transform_rotateZ_effect_mobile&quot;:{&quot;unit&quot;:&quot;deg&quot;,&quot;size&quot;:&quot;&quot;,&quot;sizes&quot;:[]}}\" data-widget_type=\"heading.default\">\n\t\t\t\t<div class=\"elementor-widget-container\">\n\t\t\t\t\t<h4 class=\"elementor-heading-title elementor-size-small\">Categories<\/h4>\t\t\t\t<\/div>\n\t\t\t\t<\/div>\n\t\t\t\t\t<\/div>\n\t\t<\/div>\n\t\t\t\t\t<\/div>\n\t\t<\/section>\n\t\t\t\t<section class=\"elementor-section elementor-top-section elementor-element elementor-element-13d04389 elementor-section-boxed elementor-section-height-default elementor-section-height-default\" data-id=\"13d04389\" data-element_type=\"section\" data-e-type=\"section\" data-settings=\"{&quot;background_background&quot;:&quot;classic&quot;}\">\n\t\t\t\t\t\t\t<div class=\"elementor-background-overlay\"><\/div>\n\t\t\t\t\t\t\t<div class=\"elementor-container elementor-column-gap-default\">\n\t\t\t\t\t<div class=\"elementor-column elementor-col-100 elementor-top-column elementor-element elementor-element-501de8\" data-id=\"501de8\" data-element_type=\"column\" data-e-type=\"column\">\n\t\t\t<div class=\"elementor-widget-wrap elementor-element-populated\">\n\t\t\t\t\t\t<div class=\"elementor-element elementor-element-3d93358 trigger-section elementor-widget elementor-widget-menu-anchor\" data-id=\"3d93358\" data-element_type=\"widget\" data-e-type=\"widget\" data-widget_type=\"menu-anchor.default\">\n\t\t\t\t<div class=\"elementor-widget-container\">\n\t\t\t\t\t\t\t<div class=\"elementor-menu-anchor\" id=\"anchor-20145\"><\/div>\n\t\t\t\t\t\t<\/div>\n\t\t\t\t<\/div>\n\t\t\t\t<div class=\"elementor-element elementor-element-47ed8423 elementor-grid-3 elementor-grid-tablet-2 elementor-grid-mobile-1 elementor-posts--thumbnail-top elementor-card-shadow-yes elementor-posts__hover-gradient load-more-align-center elementor-widget elementor-widget-posts\" data-id=\"47ed8423\" data-element_type=\"widget\" data-e-type=\"widget\" data-settings=\"{&quot;pagination_type&quot;:&quot;load_more_on_click&quot;,&quot;cards_columns&quot;:&quot;3&quot;,&quot;cards_columns_tablet&quot;:&quot;2&quot;,&quot;cards_columns_mobile&quot;:&quot;1&quot;,&quot;cards_row_gap&quot;:{&quot;unit&quot;:&quot;px&quot;,&quot;size&quot;:35,&quot;sizes&quot;:[]},&quot;cards_row_gap_tablet&quot;:{&quot;unit&quot;:&quot;px&quot;,&quot;size&quot;:&quot;&quot;,&quot;sizes&quot;:[]},&quot;cards_row_gap_mobile&quot;:{&quot;unit&quot;:&quot;px&quot;,&quot;size&quot;:&quot;&quot;,&quot;sizes&quot;:[]},&quot;load_more_spinner&quot;:{&quot;value&quot;:&quot;fas fa-spinner&quot;,&quot;library&quot;:&quot;fa-solid&quot;}}\" data-widget_type=\"posts.cards\">\n\t\t\t\t<div class=\"elementor-widget-container\">\n\t\t\t\t\t\t\t<div class=\"elementor-posts-container elementor-posts elementor-posts--skin-cards elementor-grid\" role=\"list\">\n\t\t\t\t<article class=\"elementor-post elementor-grid-item post-20108 post type-post status-publish format-standard has-post-thumbnail hentry category-termeszeti-rendszerek category-eghajlati-valtozasok category-ember category-energiatermeles category-eroforrasok category-fosszilis-tuzeloanyagok category-gazdasag category-idojarasi-szelsosegek category-ipar category-legkor category-mezogazdasag category-tarsadalmi-rendszerek category-tarsadalom category-technologiai-fejlodes category-test category-tulfogyasztas tag-alkalmazkodas tag-allattenyesztes tag-arviz tag-aszaly tag-betakaritas tag-bolygo tag-csokkenes tag-csokkentes tag-dinamika tag-eghajlat tag-ehezes tag-elelem tag-elelmiszer tag-elelmiszerexport tag-eletminoseg tag-eletmod tag-ellenallokepesseg tag-eloszlas tag-ember tag-emelkedes tag-energia tag-energiaegyenleg tag-energiaellatas tag-energiaforras tag-energiahalozat tag-energiahasznalat tag-erdotuz tag-esely tag-felelosseg tag-felismeres tag-fogyasztas tag-fogyaszto tag-folyamat tag-fosszilisenergia tag-gazdasag tag-globalis tag-gyorsulas tag-gyorsulo tag-halozat tag-hiany tag-hirtelen tag-hohullam tag-homerseklet tag-hulladekgazdalkodas tag-hurrikan tag-hus tag-ivoviz tag-kepesseg tag-keszlet tag-kihivas tag-klimacelok tag-klimatudatossag tag-klimavalsag tag-kornyezet tag-kornyezetikatasztrofa tag-kornyezetvedelem tag-kukorica tag-legkor tag-megallapodas tag-mennyiseg tag-nepesseg tag-noveny tag-prognozis tag-readywise tag-szallitas tag-szennyezes tag-szuksegallapot tag-szukseglet tag-tapanyaghiany tag-tarsadalom tag-termeles tag-termeszet tag-termofold tag-tulhasznalat tag-veszhelyzet tag-vesztesegek tag-viz bejegyzestipus-felkeszules felkeszuleskategoria-elelem felkeszuleskategoria-katasztrofak felkeszuleskategoria-szuksegletek felkeszuleskategoria-veszhelyzetek felkeszuleskategoria-viz nyelv-magyar-nyelvu\" role=\"listitem\">\n\t\t\t<div class=\"elementor-post__card\">\n\t\t\t\t<a class=\"elementor-post__thumbnail__link\" href=\"https:\/\/cassandraprogram.info\/en\/csaladunk-es-a-polikrizis\/\" tabindex=\"-1\"><div class=\"elementor-post__thumbnail\"><img loading=\"lazy\" decoding=\"async\" width=\"300\" height=\"169\" src=\"https:\/\/cassandraprogram.info\/wp-content\/uploads\/2024\/11\/szuezicsatorna-300x169.jpg\" class=\"attachment-medium size-medium wp-image-20110\" alt=\"\" srcset=\"https:\/\/cassandraprogram.info\/wp-content\/uploads\/2024\/11\/szuezicsatorna-300x169.jpg 300w, https:\/\/cassandraprogram.info\/wp-content\/uploads\/2024\/11\/szuezicsatorna-1024x576.jpg 1024w, https:\/\/cassandraprogram.info\/wp-content\/uploads\/2024\/11\/szuezicsatorna-768x432.jpg 768w, https:\/\/cassandraprogram.info\/wp-content\/uploads\/2024\/11\/szuezicsatorna-1536x864.jpg 1536w, https:\/\/cassandraprogram.info\/wp-content\/uploads\/2024\/11\/szuezicsatorna.jpg 1920w\" sizes=\"auto, (max-width: 300px) 100vw, 300px\" \/><\/div><\/a>\n\t\t\t\t<div class=\"elementor-post__badge\">\u00c9lelem<\/div>\n\t\t\t\t<div class=\"elementor-post__text\">\n\t\t\t\t<h3 class=\"elementor-post__title\">\n\t\t\t<a href=\"https:\/\/cassandraprogram.info\/en\/csaladunk-es-a-polikrizis\/\">\n\t\t\t\tCsal\u00e1dunk \u00e9s a polikr\u00edzis\t\t\t<\/a>\n\t\t<\/h3>\n\t\t\t\t<div class=\"elementor-post__excerpt\">\n\t\t\t<p>A mai vil\u00e1gban, ahol minden mindennel \u00f6sszef\u00fcgg, kor\u00e1bban nem ismert kock\u00e1zatok fenyegethetik az \u00e9lelmiszer ell\u00e1t\u00e1sunkat. Glob\u00e1lis konfliktusok, term\u00e9szeti katasztr\u00f3f\u00e1k, b\u00e1r most m\u00e9g messze vannak t\u0151l\u00fcnk,<\/p>\n\t\t<\/div>\n\t\t\t\t\t<div class=\"elementor-post__read-more-wrapper\">\n\t\t\n\t\t<a class=\"elementor-post__read-more\" href=\"https:\/\/cassandraprogram.info\/en\/csaladunk-es-a-polikrizis\/\" aria-label=\"Read more about Csal\u00e1dunk \u00e9s a polikr\u00edzis\" tabindex=\"-1\">\n\t\t\tMore \u00bb\t\t<\/a>\n\n\t\t\t\t\t<\/div>\n\t\t\t\t<\/div>\n\t\t\t\t\t<\/div>\n\t\t<\/article>\n\t\t\t\t<article class=\"elementor-post elementor-grid-item post-20111 post type-post status-publish format-standard has-post-thumbnail hentry category-uncategorized tag-agresszio tag-alkalmazkodas tag-allamcsod tag-allamok tag-argentina tag-auto tag-benzin tag-betegseg tag-bunozes tag-csalad tag-edzes tag-egeszsegugy tag-ehezes tag-ehinseg tag-elelmiszer tag-elelmiszerellatas tag-elsosegelynyujtas tag-emberrablas tag-eroszak tag-etel tag-fegyver tag-felkeszules tag-gyerek tag-gyogyszer tag-gyumolcs tag-halal tag-jeep tag-kaosz tag-konzerv tag-onvedelem tag-raktar tag-rendorseg tag-shithitsthefan tag-shtf tag-szolgaltatas tag-szorakozas tag-tarsadalom tag-tartalek tag-test tag-tuleles tag-uzemanyag tag-varos tag-vedelem tag-zoldseg bejegyzestipus-felkeszules felkeszuleskategoria-biztonsag felkeszuleskategoria-egeszseg felkeszuleskategoria-elelem felkeszuleskategoria-konfliktusok felkeszuleskategoria-szuksegletek felkeszuleskategoria-veszhelyzetek felkeszuleskategoria-viz nyelv-magyar-nyelvu\" role=\"listitem\">\n\t\t\t<div class=\"elementor-post__card\">\n\t\t\t\t<a class=\"elementor-post__thumbnail__link\" href=\"https:\/\/cassandraprogram.info\/en\/tulelni-az-argentin-allamcsodot-iii-resz\/\" tabindex=\"-1\"><div class=\"elementor-post__thumbnail\"><img loading=\"lazy\" decoding=\"async\" width=\"300\" height=\"169\" src=\"https:\/\/cassandraprogram.info\/wp-content\/uploads\/2024\/08\/argentina-peso-argentin-351513-300x169.jpg\" class=\"attachment-medium size-medium wp-image-19729\" alt=\"\" srcset=\"https:\/\/cassandraprogram.info\/wp-content\/uploads\/2024\/08\/argentina-peso-argentin-351513-300x169.jpg 300w, https:\/\/cassandraprogram.info\/wp-content\/uploads\/2024\/08\/argentina-peso-argentin-351513-1024x576.jpg 1024w, https:\/\/cassandraprogram.info\/wp-content\/uploads\/2024\/08\/argentina-peso-argentin-351513-768x432.jpg 768w, https:\/\/cassandraprogram.info\/wp-content\/uploads\/2024\/08\/argentina-peso-argentin-351513-1536x864.jpg 1536w, https:\/\/cassandraprogram.info\/wp-content\/uploads\/2024\/08\/argentina-peso-argentin-351513.jpg 1920w\" sizes=\"auto, (max-width: 300px) 100vw, 300px\" \/><\/div><\/a>\n\t\t\t\t<div class=\"elementor-post__badge\">Biztons\u00e1g<\/div>\n\t\t\t\t<div class=\"elementor-post__text\">\n\t\t\t\t<h3 class=\"elementor-post__title\">\n\t\t\t<a href=\"https:\/\/cassandraprogram.info\/en\/tulelni-az-argentin-allamcsodot-iii-resz\/\">\n\t\t\t\tT\u00fal\u00e9lni az argentin \u00e1llamcs\u0151d\u00f6t &#8211; III. r\u00e9sz\t\t\t<\/a>\n\t\t<\/h3>\n\t\t\t\t<div class=\"elementor-post__excerpt\">\n\t\t\t<p>A sorozat befejez\u0151 darabj\u00e1r\u00f3l esik sz\u00f3 ebben a cikkben, j\u00f3 olvasgat\u00e1st! A lista \u201e\u00c1ll\u00edts \u00f6ssze egy list\u00e1t arr\u00f3l, hogy mit szerezn\u00e9l be, ha \u00fajb\u00f3l csin\u00e1lhatn\u00e1d!\u201d<\/p>\n\t\t<\/div>\n\t\t\t\t\t<div class=\"elementor-post__read-more-wrapper\">\n\t\t\n\t\t<a class=\"elementor-post__read-more\" href=\"https:\/\/cassandraprogram.info\/en\/tulelni-az-argentin-allamcsodot-iii-resz\/\" aria-label=\"Read more about T\u00fal\u00e9lni az argentin \u00e1llamcs\u0151d\u00f6t &#8211; III. r\u00e9sz\" tabindex=\"-1\">\n\t\t\tMore \u00bb\t\t<\/a>\n\n\t\t\t\t\t<\/div>\n\t\t\t\t<\/div>\n\t\t\t\t\t<\/div>\n\t\t<\/article>\n\t\t\t\t<article class=\"elementor-post elementor-grid-item post-20113 post type-post status-publish format-standard has-post-thumbnail hentry category-uncategorized tag-agresszio tag-allamcsod tag-arany tag-argentina tag-bizonytalansag tag-biztonsag tag-bunozes tag-civlizacio tag-csalad tag-csere tag-elelmiszer tag-ellatas tag-ember tag-eroszak tag-ertek tag-ertekpapir tag-ezust tag-fegyver tag-feketepiac tag-gyerek tag-kaosz tag-letbiztonsag tag-lopas tag-nemesfem tag-onvedelem tag-osszeomlas tag-otthon tag-piac tag-shtf tag-szolgaltatas tag-szurkegazdasag tag-tamadas tag-tarsadalom tag-tuleles tag-valsag tag-varos tag-vedelem bejegyzestipus-felkeszules felkeszuleskategoria-biztonsag felkeszuleskategoria-elelem felkeszuleskategoria-konfliktusok felkeszuleskategoria-szuksegletek felkeszuleskategoria-veszhelyzetek nyelv-magyar-nyelvu\" role=\"listitem\">\n\t\t\t<div class=\"elementor-post__card\">\n\t\t\t\t<a class=\"elementor-post__thumbnail__link\" href=\"https:\/\/cassandraprogram.info\/en\/tulelni-az-argentin-allamcsodot-ii-resz\/\" tabindex=\"-1\"><div class=\"elementor-post__thumbnail\"><img loading=\"lazy\" decoding=\"async\" width=\"300\" height=\"169\" src=\"https:\/\/cassandraprogram.info\/wp-content\/uploads\/2024\/08\/argentina-peso-argentin-351513-300x169.jpg\" class=\"attachment-medium size-medium wp-image-19729\" alt=\"\" srcset=\"https:\/\/cassandraprogram.info\/wp-content\/uploads\/2024\/08\/argentina-peso-argentin-351513-300x169.jpg 300w, https:\/\/cassandraprogram.info\/wp-content\/uploads\/2024\/08\/argentina-peso-argentin-351513-1024x576.jpg 1024w, https:\/\/cassandraprogram.info\/wp-content\/uploads\/2024\/08\/argentina-peso-argentin-351513-768x432.jpg 768w, https:\/\/cassandraprogram.info\/wp-content\/uploads\/2024\/08\/argentina-peso-argentin-351513-1536x864.jpg 1536w, https:\/\/cassandraprogram.info\/wp-content\/uploads\/2024\/08\/argentina-peso-argentin-351513.jpg 1920w\" sizes=\"auto, (max-width: 300px) 100vw, 300px\" \/><\/div><\/a>\n\t\t\t\t<div class=\"elementor-post__badge\">Biztons\u00e1g<\/div>\n\t\t\t\t<div class=\"elementor-post__text\">\n\t\t\t\t<h3 class=\"elementor-post__title\">\n\t\t\t<a href=\"https:\/\/cassandraprogram.info\/en\/tulelni-az-argentin-allamcsodot-ii-resz\/\">\n\t\t\t\tT\u00fal\u00e9lni az argentin \u00e1llamcs\u0151d\u00f6t &#8211; II. r\u00e9sz\t\t\t<\/a>\n\t\t<\/h3>\n\t\t\t\t<div class=\"elementor-post__excerpt\">\n\t\t\t<p>Az argentin \u00e1llamcs\u0151d\u00f6t t\u00fal\u00e9l\u0151 Fernando besz\u00e1mol\u00f3j\u00e1nak m\u00e1sodik r\u00e9sze k\u00f6vetkezik a mai cikkben. Az\u00a0\u00edr\u00e1st ez\u00fattal is eredeti form\u00e1j\u00e1ban olvashatj\u00e1tok. A sz\u00fcrkegazdas\u00e1g &#8211; feketepiac Amint a SHTF,<\/p>\n\t\t<\/div>\n\t\t\t\t\t<div class=\"elementor-post__read-more-wrapper\">\n\t\t\n\t\t<a class=\"elementor-post__read-more\" href=\"https:\/\/cassandraprogram.info\/en\/tulelni-az-argentin-allamcsodot-ii-resz\/\" aria-label=\"Read more about T\u00fal\u00e9lni az argentin \u00e1llamcs\u0151d\u00f6t &#8211; II. r\u00e9sz\" tabindex=\"-1\">\n\t\t\tMore \u00bb\t\t<\/a>\n\n\t\t\t\t\t<\/div>\n\t\t\t\t<\/div>\n\t\t\t\t\t<\/div>\n\t\t<\/article>\n\t\t\t\t<article class=\"elementor-post elementor-grid-item post-20115 post type-post status-publish format-standard has-post-thumbnail hentry category-uncategorized tag-agresszio tag-allamcsod tag-allat tag-ar tag-aram tag-aramellatas tag-argentina tag-biztonsag tag-bun tag-csalad tag-csod tag-eghajlat tag-ehseg tag-elelmiszer tag-elelmiszerellatas tag-ember tag-eroszak tag-ertek tag-fegyver tag-felkeszules tag-fosztogatas tag-gazdasag tag-gazellatas tag-gyogyszer tag-halal tag-hiany tag-kaosz tag-krizis tag-lopas tag-mennyiseg tag-mentalis tag-noveny tag-onvedelem tag-penz tag-raktar tag-shithitsthefan tag-shtf tag-szolgaltatas tag-tarsadalom tag-tartalek tag-tuleles tag-valsag tag-varos tag-vedelem tag-videk tag-vizellatas tag-zavargas tag-zseblampa bejegyzestipus-felkeszules felkeszuleskategoria-biztonsag felkeszuleskategoria-egeszseg felkeszuleskategoria-elelem felkeszuleskategoria-konfliktusok felkeszuleskategoria-szuksegletek felkeszuleskategoria-veszhelyzetek nyelv-magyar-nyelvu\" role=\"listitem\">\n\t\t\t<div class=\"elementor-post__card\">\n\t\t\t\t<a class=\"elementor-post__thumbnail__link\" href=\"https:\/\/cassandraprogram.info\/en\/tulelni-az-argentin-allamcsodot-i-resz\/\" tabindex=\"-1\"><div class=\"elementor-post__thumbnail\"><img loading=\"lazy\" decoding=\"async\" width=\"300\" height=\"169\" src=\"https:\/\/cassandraprogram.info\/wp-content\/uploads\/2024\/08\/argentina-peso-argentin-351513-300x169.jpg\" class=\"attachment-medium size-medium wp-image-19729\" alt=\"\" srcset=\"https:\/\/cassandraprogram.info\/wp-content\/uploads\/2024\/08\/argentina-peso-argentin-351513-300x169.jpg 300w, https:\/\/cassandraprogram.info\/wp-content\/uploads\/2024\/08\/argentina-peso-argentin-351513-1024x576.jpg 1024w, https:\/\/cassandraprogram.info\/wp-content\/uploads\/2024\/08\/argentina-peso-argentin-351513-768x432.jpg 768w, https:\/\/cassandraprogram.info\/wp-content\/uploads\/2024\/08\/argentina-peso-argentin-351513-1536x864.jpg 1536w, https:\/\/cassandraprogram.info\/wp-content\/uploads\/2024\/08\/argentina-peso-argentin-351513.jpg 1920w\" sizes=\"auto, (max-width: 300px) 100vw, 300px\" \/><\/div><\/a>\n\t\t\t\t<div class=\"elementor-post__badge\">Biztons\u00e1g<\/div>\n\t\t\t\t<div class=\"elementor-post__text\">\n\t\t\t\t<h3 class=\"elementor-post__title\">\n\t\t\t<a href=\"https:\/\/cassandraprogram.info\/en\/tulelni-az-argentin-allamcsodot-i-resz\/\">\n\t\t\t\tT\u00fal\u00e9lni az argentin \u00e1llamcs\u0151d\u00f6t &#8211; I. r\u00e9sz\t\t\t<\/a>\n\t\t<\/h3>\n\t\t\t\t<div class=\"elementor-post__excerpt\">\n\t\t\t<p>Tal\u00e1ltam egy \u00e9rdekes \u00edr\u00e1st az 1999-2002 k\u00f6z\u00f6tt cs\u0151dbement orsz\u00e1g egyik t\u00fal\u00e9l\u0151j\u00e9t\u0151l, bizonyos Fernand\u00f3t\u00f3l, aki FerFal n\u00e9ven publik\u00e1lta akkori tapasztalatait. Az \u00edr\u00e1s eredetileg angolul jelent meg<\/p>\n\t\t<\/div>\n\t\t\t\t\t<div class=\"elementor-post__read-more-wrapper\">\n\t\t\n\t\t<a class=\"elementor-post__read-more\" href=\"https:\/\/cassandraprogram.info\/en\/tulelni-az-argentin-allamcsodot-i-resz\/\" aria-label=\"Read more about T\u00fal\u00e9lni az argentin \u00e1llamcs\u0151d\u00f6t &#8211; I. r\u00e9sz\" tabindex=\"-1\">\n\t\t\tMore \u00bb\t\t<\/a>\n\n\t\t\t\t\t<\/div>\n\t\t\t\t<\/div>\n\t\t\t\t\t<\/div>\n\t\t<\/article>\n\t\t\t\t<article class=\"elementor-post elementor-grid-item post-20117 post type-post status-publish format-standard has-post-thumbnail hentry category-uncategorized tag-agresszio tag-alapvetoszuksegletek tag-alkalmazkodas tag-alkohol tag-allatok tag-arany tag-bizalom tag-biztonsag tag-cserekereskedelem tag-delszlav tag-egeszsegugy tag-elelem tag-elelmiszer tag-elelmiszerellatas tag-elet tag-elokeszulet tag-elsosegely tag-elsosegelynyujtas tag-ember tag-erme tag-eroszak tag-ertek tag-ezust tag-fa tag-fegyver tag-felelem tag-felkeszules tag-fem tag-futes tag-haboru tag-hadsereg tag-halal tag-higienia tag-katona tag-kereskedelem tag-konfliktus tag-kozlekedes tag-loszer tag-ongyujto tag-otthon tag-papir tag-penz tag-rablas tag-rendorseg tag-sebellatas tag-segely tag-segelyszallitmany tag-serules tag-serult tag-szukseglet tag-targyak tag-tartalek tag-tisztalkodas tag-tortenet tag-tuz tag-valtozas tag-vedelem tag-viz bejegyzestipus-felkeszules felkeszuleskategoria-biztonsag felkeszuleskategoria-egeszseg felkeszuleskategoria-elelem felkeszuleskategoria-konfliktusok felkeszuleskategoria-szuksegletek felkeszuleskategoria-veszhelyzetek felkeszuleskategoria-viz nyelv-magyar-nyelvu\" role=\"listitem\">\n\t\t\t<div class=\"elementor-post__card\">\n\t\t\t\t<a class=\"elementor-post__thumbnail__link\" href=\"https:\/\/cassandraprogram.info\/en\/tulelni-a-delszlav-haborut\/\" tabindex=\"-1\"><div class=\"elementor-post__thumbnail\"><img loading=\"lazy\" decoding=\"async\" width=\"300\" height=\"169\" src=\"https:\/\/cassandraprogram.info\/wp-content\/uploads\/2024\/08\/sarajevo-roses-300x169.jpg\" class=\"attachment-medium size-medium wp-image-20119\" alt=\"\" srcset=\"https:\/\/cassandraprogram.info\/wp-content\/uploads\/2024\/08\/sarajevo-roses-300x169.jpg 300w, https:\/\/cassandraprogram.info\/wp-content\/uploads\/2024\/08\/sarajevo-roses-1024x576.jpg 1024w, https:\/\/cassandraprogram.info\/wp-content\/uploads\/2024\/08\/sarajevo-roses-768x432.jpg 768w, https:\/\/cassandraprogram.info\/wp-content\/uploads\/2024\/08\/sarajevo-roses-1536x864.jpg 1536w, https:\/\/cassandraprogram.info\/wp-content\/uploads\/2024\/08\/sarajevo-roses.jpg 1920w\" sizes=\"auto, (max-width: 300px) 100vw, 300px\" \/><\/div><\/a>\n\t\t\t\t<div class=\"elementor-post__badge\">Biztons\u00e1g<\/div>\n\t\t\t\t<div class=\"elementor-post__text\">\n\t\t\t\t<h3 class=\"elementor-post__title\">\n\t\t\t<a href=\"https:\/\/cassandraprogram.info\/en\/tulelni-a-delszlav-haborut\/\">\n\t\t\t\tT\u00fal\u00e9lni a d\u00e9lszl\u00e1v h\u00e1bor\u00fat\t\t\t<\/a>\n\t\t<\/h3>\n\t\t\t\t<div class=\"elementor-post__excerpt\">\n\t\t\t<p>Selco egy kisv\u00e1rosi \u00e1tlagember, akinek \u00e9let\u00e9t teljesen felforgatta a d\u00e9lszl\u00e1v h\u00e1bor\u00fa. Tapasztalatait el\u0151sz\u00f6r egy internetes f\u00f3rumon osztotta meg, majd a nagy \u00e9rdekl\u0151d\u00e9s miatt v\u00e9g\u00fcl egy<\/p>\n\t\t<\/div>\n\t\t\t\t\t<div class=\"elementor-post__read-more-wrapper\">\n\t\t\n\t\t<a class=\"elementor-post__read-more\" href=\"https:\/\/cassandraprogram.info\/en\/tulelni-a-delszlav-haborut\/\" aria-label=\"Read more about T\u00fal\u00e9lni a d\u00e9lszl\u00e1v h\u00e1bor\u00fat\" tabindex=\"-1\">\n\t\t\tMore \u00bb\t\t<\/a>\n\n\t\t\t\t\t<\/div>\n\t\t\t\t<\/div>\n\t\t\t\t\t<\/div>\n\t\t<\/article>\n\t\t\t\t<article class=\"elementor-post elementor-grid-item post-20120 post type-post status-publish format-standard has-post-thumbnail hentry category-uncategorized tag-adomany tag-alkalmazkodas tag-ar tag-atveres tag-biztonsag tag-cserekereskedelem tag-elelem tag-elelmiszer tag-elelmiszerellatas tag-ertek tag-felkeszules tag-felszereles tag-haboru tag-jotekonykodas tag-kave tag-kereskedelem tag-keszules tag-kompromisszum tag-kozosseg tag-mennyiseg tag-mertek tag-praktika tag-prepper tag-strategia tag-szabaly tag-szolgaltatas tag-tartositas tag-torveny tag-tulelo bejegyzestipus-felkeszules felkeszuleskategoria-biztonsag felkeszuleskategoria-elelem felkeszuleskategoria-kapcsolodasok felkeszuleskategoria-konfliktusok felkeszuleskategoria-kozosseg felkeszuleskategoria-szuksegletek felkeszuleskategoria-veszhelyzetek nyelv-magyar-nyelvu\" role=\"listitem\">\n\t\t\t<div class=\"elementor-post__card\">\n\t\t\t\t<a class=\"elementor-post__thumbnail__link\" href=\"https:\/\/cassandraprogram.info\/en\/a-cserekereskedelem-10-alapszabalya\/\" tabindex=\"-1\"><div class=\"elementor-post__thumbnail\"><img loading=\"lazy\" decoding=\"async\" width=\"300\" height=\"169\" src=\"https:\/\/cassandraprogram.info\/wp-content\/uploads\/2024\/08\/kereskedelem-300x169.jpg\" class=\"attachment-medium size-medium wp-image-20122\" alt=\"\" srcset=\"https:\/\/cassandraprogram.info\/wp-content\/uploads\/2024\/08\/kereskedelem-300x169.jpg 300w, https:\/\/cassandraprogram.info\/wp-content\/uploads\/2024\/08\/kereskedelem-1024x576.jpg 1024w, https:\/\/cassandraprogram.info\/wp-content\/uploads\/2024\/08\/kereskedelem-768x432.jpg 768w, https:\/\/cassandraprogram.info\/wp-content\/uploads\/2024\/08\/kereskedelem-1536x864.jpg 1536w, https:\/\/cassandraprogram.info\/wp-content\/uploads\/2024\/08\/kereskedelem.jpg 1920w\" sizes=\"auto, (max-width: 300px) 100vw, 300px\" \/><\/div><\/a>\n\t\t\t\t<div class=\"elementor-post__badge\">Biztons\u00e1g<\/div>\n\t\t\t\t<div class=\"elementor-post__text\">\n\t\t\t\t<h3 class=\"elementor-post__title\">\n\t\t\t<a href=\"https:\/\/cassandraprogram.info\/en\/a-cserekereskedelem-10-alapszabalya\/\">\n\t\t\t\tA csere&shy;kereskedelem 10&nbsp;alapszab\u00e1lya\t\t\t<\/a>\n\t\t<\/h3>\n\t\t\t\t<div class=\"elementor-post__excerpt\">\n\t\t\t<p>Sokat tanulhattunk Selc\u00f3t\u00f3l, aki \u00e1t- \u00e9s t\u00fal\u00e9lte a\u00a0d\u00e9lszl\u00e1v h\u00e1bor\u00fat. Ism\u00e9t az \u0151 \u00edr\u00e1sa k\u00f6vetkezik, n\u00e9h\u00e1ny j\u00f3tan\u00e1ccsal \u00e9s tapasztalattal szolg\u00e1lva sz\u00e1munkra. Ez\u00fattal arr\u00f3l lesz sz\u00f3, hogy<\/p>\n\t\t<\/div>\n\t\t\t\t\t<div class=\"elementor-post__read-more-wrapper\">\n\t\t\n\t\t<a class=\"elementor-post__read-more\" href=\"https:\/\/cassandraprogram.info\/en\/a-cserekereskedelem-10-alapszabalya\/\" aria-label=\"Read more about A csere&shy;kereskedelem 10&nbsp;alapszab\u00e1lya\" tabindex=\"-1\">\n\t\t\tMore \u00bb\t\t<\/a>\n\n\t\t\t\t\t<\/div>\n\t\t\t\t<\/div>\n\t\t\t\t\t<\/div>\n\t\t<\/article>\n\t\t\t\t<\/div>\n\t\t\t\t\t<span class=\"e-load-more-spinner\">\n\t\t\t\t<i aria-hidden=\"true\" class=\"fas fa-spinner\"><\/i>\t\t\t<\/span>\n\t\t\n\t\t\t\t\t\t<\/div>\n\t\t\t\t<\/div>\n\t\t\t\t\t<\/div>\n\t\t<\/div>\n\t\t\t\t\t<\/div>\n\t\t<\/section>\n\t\t\t\t<\/div>\n\t\t","protected":false},"excerpt":{"rendered":"<p>Categories<\/p>\n","protected":false},"author":1,"featured_media":0,"parent":0,"menu_order":0,"comment_status":"closed","ping_status":"closed","template":"","meta":{"footnotes":""},"class_list":["post-20145","page","type-page","status-publish","hentry"],"_links":{"self":[{"href":"https:\/\/cassandraprogram.info\/en\/wp-json\/wp\/v2\/pages\/20145","targetHints":{"allow":["GET"]}}],"collection":[{"href":"https:\/\/cassandraprogram.info\/en\/wp-json\/wp\/v2\/pages"}],"about":[{"href":"https:\/\/cassandraprogram.info\/en\/wp-json\/wp\/v2\/types\/page"}],"author":[{"embeddable":true,"href":"https:\/\/cassandraprogram.info\/en\/wp-json\/wp\/v2\/users\/1"}],"replies":[{"embeddable":true,"href":"https:\/\/cassandraprogram.info\/en\/wp-json\/wp\/v2\/comments?post=20145"}],"version-history":[{"count":14,"href":"https:\/\/cassandraprogram.info\/en\/wp-json\/wp\/v2\/pages\/20145\/revisions"}],"predecessor-version":[{"id":20232,"href":"https:\/\/cassandraprogram.info\/en\/wp-json\/wp\/v2\/pages\/20145\/revisions\/20232"}],"wp:attachment":[{"href":"https:\/\/cassandraprogram.info\/en\/wp-json\/wp\/v2\/media?parent=20145"}],"curies":[{"name":"wp","href":"https:\/\/api.w.org\/{rel}","templated":true}]}}